{"id":976,"date":"2022-03-01T10:10:38","date_gmt":"2022-03-01T10:10:38","guid":{"rendered":"https:\/\/ff-wimpassing.at\/?page_id=976"},"modified":"2024-10-19T17:02:20","modified_gmt":"2024-10-19T17:02:20","slug":"sonderausruestung","status":"publish","type":"page","link":"https:\/\/ff-wimpassing.at\/?page_id=976","title":{"rendered":"Sonderausr\u00fcstung"},"content":{"rendered":"\n<p>Auf dieser Seite erfahren Sie mehr \u00fcber unsere Sonderausr\u00fcstung, welche unabh\u00e4nig von der Standardausr\u00fcstung in unseren Einsatzfahrzeugen oder Rollcontainern gelagert ist.<\/p>\n\n\n\n<figure class=\"wp-block-image size-full is-resized\"><img decoding=\"async\" src=\"https:\/\/ff-wimpassing.at\/wp-content\/uploads\/2023\/01\/Zeugmeister.jpg\" alt=\"\" class=\"wp-image-3895\" style=\"width:400px\"\/><\/figure>\n\n\n\n<p style=\"font-size:25px\"><strong><em><mark style=\"background-color:rgba(0, 0, 0, 0)\" class=\"has-inline-color has-vivid-red-color\">D\u00fcsenschl\u00e4uche<\/mark><\/em><\/strong><\/p>\n\n\n\n<p>Infos folgen!<\/p>\n\n\n\n<p style=\"font-size:25px\"><strong><em><mark style=\"background-color:rgba(0, 0, 0, 0)\" class=\"has-inline-color has-vivid-red-color\">L\u00f6schrucks\u00e4cke<\/mark><\/em><\/strong><\/p>\n\n\n\n<p>Infos folgen!<\/p>\n\n\n\n<p style=\"font-size:25px\"><strong><em><mark style=\"background-color:rgba(0, 0, 0, 0)\" class=\"has-inline-color has-vivid-red-color\">Mehrgasmessger\u00e4t<\/mark><\/em><\/strong><\/p>\n\n\n\n<p>Infos folgen!<\/p>\n\n\n\n<p style=\"font-size:25px\"><strong><em><mark style=\"background-color:rgba(0, 0, 0, 0)\" class=\"has-inline-color has-vivid-red-color\">Mobiler Rauchverschluss<\/mark><\/em><\/strong><\/p>\n\n\n\n<p>Infos folgen!<\/p>\n\n\n\n<p style=\"font-size:25px\"><strong><mark style=\"background-color:rgba(0, 0, 0, 0)\" class=\"has-inline-color has-vivid-red-color\"><em>Nasssauger<\/em><\/mark><\/strong><\/p>\n\n\n\n<p>Infos folgen!<\/p>\n\n\n\n<p style=\"font-size:25px\"><strong><mark style=\"background-color:rgba(0, 0, 0, 0)\" class=\"has-inline-color has-vivid-red-color\"><em>Rettungshaube Dr\u00e4ger PSS<\/em><\/mark><\/strong><\/p>\n\n\n\n<p>Infos folgen!<\/p>\n\n\n\n<p style=\"font-size:25px\"><strong><mark style=\"background-color:rgba(0, 0, 0, 0)\" class=\"has-inline-color has-vivid-red-color\"><em>Rollcontainer<\/em><\/mark><\/strong><\/p>\n\n\n\n<p>Infos folgen!<\/p>\n\n\n\n<p style=\"font-size:25px\"><strong><em><mark style=\"background-color:rgba(0, 0, 0, 0)\" class=\"has-inline-color has-vivid-red-color\">Schadstoffgruppe<\/mark><\/em><\/strong><\/p>\n\n\n\n<p>Aufgrund der industriellen Infrastruktur ergibt sich, dass es in den Betrieben zum Kontakt mit gef\u00e4hrlichen Stoffen kommen kann.<\/p>\n\n\n\n<p>Dies hei\u00dft nicht, dass eine permanente Gesundheitsgefahr besteht. Kommt es allerdings in den betreffenden Abteilungen zu Br\u00e4nden oder anderen St\u00f6rf\u00e4llen, kann es durch chemische Reaktionen zu gesunheitsgef\u00e4hrdenden Situtionen kommen.<\/p>\n\n\n\n<p>Die Gefahr liegt aber nicht nur in den Betrieben. Auch der Durchzugsverkehr auf der Bundesstra\u00dfe stellt einen Risikofaktor punktor Schadstoff dar.<\/p>\n\n\n\n<p class=\"has-medium-font-size\"><strong>Einsatzanforderung<\/strong><\/p>\n\n\n\n<p>Da bei der Verbrennung oder beim Austritt von Fl\u00fcssigkeiten, Gasen oder festen Materialien hochgiftige D\u00e4mpfe entstehen k\u00f6nnen, ist es den Einsatzkr\u00e4ften nicht m\u00f6glich, ohne schwerem Atemschutz zu Arbeiten.<\/p>\n\n\n\n<p>Da diese Hochgiftigen D\u00e4mpfe nicht nur \u00fcber die Atemwege, sondern auch \u00fcber die Haut in den menschlichen Organismus gelangen k\u00f6nnen, m\u00fcssen die Einsatzkr\u00e4fte speziell ausger\u00fcstet werden. Diese spezielle Ausr\u00fcstung nennet man Schutzanz\u00fcge.<\/p>\n\n\n\n<p>Das Tragen dieser Schutzanz\u00fcge erfordert eine spezielle Ausbildung. Die Mitglieder der Schadstoffgruppe wurden in der Landesfeuerwehrschule in einem Lehrgang f\u00fcr den Umgang mit den so genannten &#8222;Gef\u00e4hrlichen Stoffen&#8220; geschult. Auch das Verwenden von Sonderbekleidung, so genannter gasdicherte Schutzanz\u00fcge wurdern erlernt.<\/p>\n\n\n\n<p>Im Ernstfall steht die Rettung von Menschen an erster Stelle. Eine weitere wichtige Aufgabe der Schadstoffgruppe ist das Abdichten von lecken Beh\u00e4ltern bzw. die Vorbereitung f\u00fcr die fachgerechte Entsorgung von eventuellen Schadstoffen.<\/p>\n\n\n\n<p class=\"has-medium-font-size\"><strong>Schadstoffgruppe<\/strong><\/p>\n\n\n\n<p>Derzeit haben 11 Mitglieder unserer Feuerwehr die entsprechende Ausbildung f\u00fcr Schadstoffeins\u00e4tze. Es sind diese in alphabetischer Reihenfolge:<\/p>\n\n\n\n<ul class=\"wp-block-list\">\n<li>Manfred ADAMSKY<\/li>\n\n\n\n<li>Radoslaw BAK<\/li>\n\n\n\n<li>Bernhard GREMMEL<\/li>\n\n\n\n<li>Martin HEINIG <\/li>\n\n\n\n<li>Robert HOFER<\/li>\n\n\n\n<li>Stefan MITROWSKY<\/li>\n\n\n\n<li>Patrik RUMPLER <\/li>\n\n\n\n<li>Manuel REITERER<\/li>\n\n\n\n<li>Rene SPIELBICHLER <\/li>\n\n\n\n<li>Robert WEISSENBACHER<\/li>\n\n\n\n<li>Martin ZENZ<\/li>\n<\/ul>\n\n\n\n<p class=\"has-medium-font-size\"><strong>Ausr\u00fcstung<\/strong><\/p>\n\n\n\n<p>Einen Schutzanzug der Schutzstufe III zu tragen bedeutet, dass man zus\u00e4tzlich zum schweren Atemschutz einen Anzug aus speziellen Material tr\u00e4gt, der gasdicht verschlossen ist.<\/p>\n\n\n\n<p>Es k\u00f6nenn keine Stoffe an die Haut gelangen, die gesundheitsgef\u00e4hrdend sind. Die Einsatzdauer wird aber nicht nur durch k\u00f6rperliche und seelische Mehrbelastung verk\u00fcrzt.<\/p>\n\n\n\n<p>Nach dem Einsatz muss der Anzug dekontaminiert, das bedeutet von Schadstoffen gereinigt werden. Erst nachdem dies erfolgt ist, darf der Schutzanzugtr\u00e4ger den Anzug ablegen. Verunreinigtes Wasser, welches beim Dekontaminieren anf\u00e4llt, muss aufgefangen werden und von einer Spezialfirma entsorgt werden.<\/p>\n\n\n\n<p>Uns stehen f\u00fcr einen Schadstoffeinsatz neun Schutzanz\u00fcge zur Verf\u00fcgung. Davon sind drei St\u00fcck Schutzstufe III, das hei\u00dft gasdicht. Weitere sechs St\u00fcck geh\u00f6ren in die Schutzstufe II. Sie sind zwar nicht gasdicht, beiten aber trotzdem Schutz bei Kontakt mit Fl\u00fcssigkeiten. In beiden F\u00e4llen muss aber schwerer Atemschutz verwendet werden.<\/p>\n\n\n\n<p style=\"font-size:25px\"><strong><em><mark style=\"background-color:rgba(0, 0, 0, 0)\" class=\"has-inline-color has-vivid-red-color\">W\u00e4rmebildkamera<\/mark><\/em><\/strong><\/p>\n\n\n\n<p>Infos folgen!<\/p>\n","protected":false},"excerpt":{"rendered":"<p>Auf dieser Seite erfahren Sie mehr \u00fcber unsere Sonderausr\u00fcstung, welche unabh\u00e4nig von der Standardausr\u00fcstung in unseren Einsatzfahrzeugen oder Rollcontainern gelagert ist. D\u00fcsenschl\u00e4uche Infos folgen! L\u00f6schrucks\u00e4cke Infos folgen! Mehrgasmessger\u00e4t Infos folgen! Mobiler Rauchverschluss Infos folgen! Nasssauger Infos folgen! Rettungshaube Dr\u00e4ger PSS Infos folgen! Rollcontainer Infos folgen! Schadstoffgruppe Aufgrund der industriellen Infrastruktur ergibt sich, dass es in [&hellip;]<\/p>\n","protected":false},"author":1,"featured_media":0,"parent":0,"menu_order":0,"comment_status":"closed","ping_status":"closed","template":"","meta":{"footnotes":""},"class_list":["post-976","page","type-page","status-publish","hentry"],"_links":{"self":[{"href":"https:\/\/ff-wimpassing.at\/index.php?rest_route=\/wp\/v2\/pages\/976","targetHints":{"allow":["GET"]}}],"collection":[{"href":"https:\/\/ff-wimpassing.at\/index.php?rest_route=\/wp\/v2\/pages"}],"about":[{"href":"https:\/\/ff-wimpassing.at\/index.php?rest_route=\/wp\/v2\/types\/page"}],"author":[{"embeddable":true,"href":"https:\/\/ff-wimpassing.at\/index.php?rest_route=\/wp\/v2\/users\/1"}],"replies":[{"embeddable":true,"href":"https:\/\/ff-wimpassing.at\/index.php?rest_route=%2Fwp%2Fv2%2Fcomments&post=976"}],"version-history":[{"count":16,"href":"https:\/\/ff-wimpassing.at\/index.php?rest_route=\/wp\/v2\/pages\/976\/revisions"}],"predecessor-version":[{"id":7046,"href":"https:\/\/ff-wimpassing.at\/index.php?rest_route=\/wp\/v2\/pages\/976\/revisions\/7046"}],"wp:attachment":[{"href":"https:\/\/ff-wimpassing.at\/index.php?rest_route=%2Fwp%2Fv2%2Fmedia&parent=976"}],"curies":[{"name":"wp","href":"https:\/\/api.w.org\/{rel}","templated":true}]}}