{"id":971,"date":"2023-01-01T01:00:00","date_gmt":"2023-01-01T01:00:00","guid":{"rendered":"https:\/\/ff-wimpassing.at\/?page_id=971"},"modified":"2026-01-05T13:17:09","modified_gmt":"2026-01-05T13:17:09","slug":"einsatzliste-2022","status":"publish","type":"page","link":"https:\/\/ff-wimpassing.at\/?page_id=971","title":{"rendered":"Einsatzliste 2023"},"content":{"rendered":"\n<div class=\"wp-block-group\"><div class=\"wp-block-group__inner-container is-layout-constrained wp-block-group-is-layout-constrained\">\n<div class=\"wp-block-buttons has-custom-font-size has-medium-font-size is-horizontal is-content-justification-center is-layout-flex wp-container-core-buttons-is-layout-03627597 wp-block-buttons-is-layout-flex\">\n<div class=\"wp-block-button\"><a class=\"wp-block-button__link has-white-color has-vivid-red-background-color has-text-color has-background has-custom-font-size wp-element-button\" style=\"border-radius:100px;font-size:12px\">20<strong><br>Brandeins\u00e4tze<\/strong> und <strong>Brandsicherheitswachen<\/strong><br>(B0 &#8211; B4 und BSW)<\/a><\/div>\n\n\n\n<div class=\"wp-block-button is-style-fill\"><a class=\"wp-block-button__link has-white-color has-vivid-cyan-blue-background-color has-text-color has-background has-custom-font-size wp-element-button\" style=\"font-size:12px\">32<strong><br>Technische Eins\u00e4tze<\/strong><br>(T0 &#8211; T3)<\/a><\/div>\n\n\n\n<div class=\"wp-block-button\"><a class=\"wp-block-button__link has-white-color has-luminous-vivid-amber-background-color has-text-color has-background has-custom-font-size wp-element-button\" style=\"font-size:12px\"><strong>5<br>Schadstoffeins\u00e4tze<\/strong><br>(S0 -S3)<\/a><\/div>\n<\/div>\n<\/div><\/div>\n\n\n\n<p><\/p>\n\n\n\n<figure class=\"wp-block-table is-style-stripes\"><table><tbody><tr><td><em><strong><mark style=\"background-color:rgba(0, 0, 0, 0)\" class=\"has-inline-color has-vivid-red-color\">Nr.<\/mark><\/strong><\/em><\/td><td><em><strong><mark style=\"background-color:rgba(0, 0, 0, 0)\" class=\"has-inline-color has-vivid-red-color\">Datum<\/mark><\/strong><\/em><\/td><td><strong><em><mark style=\"background-color:rgba(0, 0, 0, 0)\" class=\"has-inline-color has-vivid-red-color\">Alarm<\/mark><\/em><\/strong><\/td><td><strong><em><mark style=\"background-color:rgba(0, 0, 0, 0)\" class=\"has-inline-color has-vivid-red-color\">Art<\/mark><\/em><\/strong><\/td><td><strong><em><mark style=\"background-color:rgba(0, 0, 0, 0)\" class=\"has-inline-color has-vivid-red-color\">Alarmbeschreibung \/ Einsatzort<\/mark><\/em><\/strong><\/td><\/tr><tr><td>57<\/td><td>25.12.2023<\/td><td>08:54<\/td><td>T0<\/td><td>Hochwasser Voralarm &#8211; Kontrollfahrten \/ Dammweg &amp; Radfahrweg entlang der Schwarza<\/td><\/tr><tr><td>56<\/td><td>24.12.2023<\/td><td>11:31<\/td><td>T1<\/td><td><a href=\"https:\/\/ff-wimpassing.at\/?p=5663\" data-type=\"link\" data-id=\"https:\/\/ff-wimpassing.at\/?p=5663\">Auspumparbeiten \/ Dr. Thomas-Weber-Stra\u00dfe<\/a><\/td><\/tr><tr><td>55<\/td><td>24.12.2023<\/td><td>11:06<\/td><td>T1<\/td><td><a href=\"https:\/\/ff-wimpassing.at\/?p=5663\" data-type=\"link\" data-id=\"https:\/\/ff-wimpassing.at\/?p=5663\">Auspumparbeiten \/ Dr. Thomas-Weber-Stra\u00dfe <\/a><\/td><\/tr><tr><td>54<\/td><td>24.12.2023<\/td><td>09:30<\/td><td>T0<\/td><td><a href=\"https:\/\/ff-wimpassing.at\/?p=5663\" data-type=\"link\" data-id=\"https:\/\/ff-wimpassing.at\/?p=5663\">Hochwasser Voralarm &#8211; Kontrollfahrten \/ Dammweg &amp; Radfahrweg entlang der Schwarza<\/a><\/td><\/tr><tr><td>53<\/td><td>24.12.2023<\/td><td>04:54<\/td><td>T0<\/td><td><a href=\"https:\/\/ff-wimpassing.at\/?p=5653\" data-type=\"link\" data-id=\"https:\/\/ff-wimpassing.at\/?p=5653\">Hochwasser Voralarm &#8211; Kontrollfahrten \/ Dammweg &amp; Radfahrweg entlang der Schwarza<\/a><\/td><\/tr><tr><td>52<\/td><td>24.12.2023<\/td><td>01:12<\/td><td>T1<\/td><td><a href=\"https:\/\/ff-wimpassing.at\/?p=5653\" data-type=\"link\" data-id=\"https:\/\/ff-wimpassing.at\/?p=5653\">Baum auf Stra\u00dfe \/ Radfahrweg H\u00f6he Semperit <\/a><\/td><\/tr><tr><td>51<\/td><td>24.12.2023<\/td><td>01:10<\/td><td>T1<\/td><td><a href=\"https:\/\/ff-wimpassing.at\/?p=5653\" data-type=\"link\" data-id=\"https:\/\/ff-wimpassing.at\/?p=5653\">Unwettereins\u00e4tze \/ Dammweg H\u00f6he Karl-Schwarz-Stra\u00dfe<\/a><\/td><\/tr><tr><td>50<\/td><td>24.12.2023<\/td><td>00:49<\/td><td>T1<\/td><td><a href=\"https:\/\/ff-wimpassing.at\/?p=5653\" data-type=\"link\" data-id=\"https:\/\/ff-wimpassing.at\/?p=5653\">Baum auf Geb\u00e4ude \/ Radfahrweg H\u00f6he Dammstra\u00dfe<\/a><\/td><\/tr><tr><td>49<\/td><td>23.12.2023<\/td><td>23:24<\/td><td>T0<\/td><td><a href=\"https:\/\/ff-wimpassing.at\/?p=5653\" data-type=\"link\" data-id=\"https:\/\/ff-wimpassing.at\/?p=5653\">Hochwasser Voralarm &#8211; Kontrollfahrten \/ Dammweg &amp; Radfahrweg entlang der Schwarza<\/a><\/td><\/tr><tr><td>48<\/td><td>14.12.2023<\/td><td>21:59<\/td><td>T1<\/td><td><a href=\"https:\/\/ff-wimpassing.at\/?p=5591\" data-type=\"link\" data-id=\"https:\/\/ff-wimpassing.at\/?p=5591\">Verkehrsunfall mit zwei PKW \/ Bundesstra\u00dfe 17<\/a><\/td><\/tr><tr><td>47<\/td><td>11.12.2023<\/td><td>18:15<\/td><td>T1<\/td><td><a href=\"https:\/\/ff-wimpassing.at\/?p=5572\" data-type=\"link\" data-id=\"https:\/\/ff-wimpassing.at\/?p=5572\">Tierrettung \/ Dr. Karl-Renner-Gasse<\/a><\/td><\/tr><tr><td>46<\/td><td>09.12.2023<\/td><td>18:00<\/td><td>B0<\/td><td>Brandsicherheitswache \/ Kulturcentrum<\/td><\/tr><tr><td>45<\/td><td>01.12.2023<\/td><td>17:00<\/td><td>B0<\/td><td>Brandsicherheitswache \/ Kulturcentrum<\/td><\/tr><tr><td>44<\/td><td>27.11.2023<\/td><td>13:12<\/td><td>T1<\/td><td><a href=\"https:\/\/ff-wimpassing.at\/?p=5526\" data-type=\"link\" data-id=\"https:\/\/ff-wimpassing.at\/?p=5526\">Aufzugs\u00f6ffnung \/ Dr. Karl-Renner-Gasse<\/a><\/td><\/tr><tr><td>43<\/td><td>23.11.2023<\/td><td>09:20<\/td><td>T0<\/td><td>Arbeitseinsatz \/ Voith Austria<\/td><\/tr><tr><td>42<\/td><td>22.11.2023<\/td><td>14:43<\/td><td>T0<\/td><td>Arbeitseinsatz \/ Voith Austria<\/td><\/tr><tr><td>41<\/td><td>19.11.2023<\/td><td>13:36<\/td><td>T1<\/td><td><a href=\"https:\/\/ff-wimpassing.at\/?p=5479\" data-type=\"link\" data-id=\"https:\/\/ff-wimpassing.at\/?p=5479\">T\u00fcr\u00f6ffnung \/ Dr. Karl-Renner-Gasse <\/a><\/td><\/tr><tr><td>40<\/td><td>17.11.2023<\/td><td>17:11<\/td><td>S1<\/td><td><a href=\"https:\/\/ff-wimpassing.at\/?p=3781\" data-type=\"link\" data-id=\"https:\/\/ff-wimpassing.at\/?p=3781\">Benzin- bzw. \u00d6lspur \/ Bundesstra\u00dfe 17<\/a><\/td><\/tr><tr><td>39<\/td><td>30.10.2023<\/td><td>10:26<\/td><td>T1<\/td><td>Personensuche \/ Wimpassing<\/td><\/tr><tr><td>38<\/td><td>27.10.2023<\/td><td>07:28<\/td><td>B1<\/td><td>Brandmelderausl\u00f6sung \/ Gewerbebetrieb<\/td><\/tr><tr><td>37<\/td><td>14.10.2023<\/td><td>22:01<\/td><td>B1<\/td><td>Brandmelderausl\u00f6sung \/ Sporthalle<\/td><\/tr><tr><td>36<\/td><td>07.10.2023<\/td><td>18:00<\/td><td>B0<\/td><td>Brandsicherheitswache \/ Kulturcentrum<\/td><\/tr><tr><td>35<\/td><td>27.09.2023<\/td><td>06:40<\/td><td>S1<\/td><td><a href=\"https:\/\/ff-wimpassing.at\/?p=5382\" data-type=\"link\" data-id=\"https:\/\/ff-wimpassing.at\/?p=5382\">Benzin- bzw. \u00d6laustritt \/ Bundesstra\u00dfe H\u00f6he Eni Tankstelle<\/a><\/td><\/tr><tr><td>34<\/td><td>14.09.2023<\/td><td>16:30<\/td><td>T0<\/td><td>Insekten-Einsatz \/ Mittelgasse<\/td><\/tr><tr><td>33<\/td><td>12.09.2023<\/td><td>17:03<\/td><td>B1<\/td><td><a href=\"https:\/\/ff-wimpassing.at\/?p=5347\" data-type=\"link\" data-id=\"https:\/\/ff-wimpassing.at\/?p=5347\">Brandmelderausl\u00f6sung \/ Johann-Bauer-Stra\u00dfe<\/a><\/td><\/tr><tr><td>32<\/td><td>12.09.2023<\/td><td>14:40<\/td><td>T0<\/td><td><a href=\"https:\/\/ff-wimpassing.at\/?p=5347\" data-type=\"link\" data-id=\"https:\/\/ff-wimpassing.at\/?p=5347\">Insekten-Einsatz \/ Johann-Strau\u00df-Gasse<\/a><\/td><\/tr><tr><td>31<\/td><td>01.09.2023<\/td><td>18:00<\/td><td>B0<\/td><td>Brandsicherheitswache \/ Kulturcentrum<\/td><\/tr><tr><td>30<\/td><td>01.09.2023<\/td><td>16:18<\/td><td>T1<\/td><td>Versetzen eines PKWS \/ Dr.-Karl-Rennergasse<\/td><\/tr><tr><td>29<\/td><td>25.08.2023<\/td><td>10:24<\/td><td>T1<\/td><td><a href=\"https:\/\/ff-wimpassing.at\/?p=5147\" data-type=\"link\" data-id=\"https:\/\/ff-wimpassing.at\/?p=5147\">Fahrzeugbergung \/ Pottschacherstra\u00dfe<\/a><\/td><\/tr><tr><td>28<\/td><td>23.08.2023<\/td><td>21:49<\/td><td>T2<\/td><td>Person in Notlage \/ Grafenbach <\/td><\/tr><tr><td>27<\/td><td>11.08.2023<\/td><td>07:40<\/td><td>B1<\/td><td><a href=\"https:\/\/ff-wimpassing.at\/?p=5059\" data-type=\"link\" data-id=\"https:\/\/ff-wimpassing.at\/?p=5059\">Kleinbrand \/ Gewerbebetrieb<\/a><\/td><\/tr><tr><td>26<\/td><td>29.07.2023<\/td><td>18:00<\/td><td>B0<\/td><td><a href=\"https:\/\/ff-wimpassing.at\/?p=5011\" data-type=\"URL\" data-id=\"https:\/\/ff-wimpassing.at\/?p=5011\">Brandsicherheitswache \/ Eduard-Gaderer-Park<\/a> <\/td><\/tr><tr><td>25<\/td><td>28.07.2023<\/td><td>18:00<\/td><td>B0<\/td><td><a href=\"https:\/\/ff-wimpassing.at\/?p=5011\" data-type=\"URL\" data-id=\"https:\/\/ff-wimpassing.at\/?p=5011\">Brandsicherheitswache \/ Eduard-Gaderer-Park <\/a><\/td><\/tr><tr><td>24<\/td><td>27.07.2023<\/td><td>18:00<\/td><td>B0<\/td><td><a href=\"https:\/\/ff-wimpassing.at\/?p=5011\" data-type=\"URL\" data-id=\"https:\/\/ff-wimpassing.at\/?p=5011\">Brandsicherheitswache \/ Eduard-Gaderer-Park<\/a><\/td><\/tr><tr><td>23<\/td><td>19.07.2023<\/td><td>14:47<\/td><td>T2<\/td><td><a href=\"https:\/\/ff-wimpassing.at\/?p=4941\" data-type=\"URL\" data-id=\"https:\/\/ff-wimpassing.at\/?p=4941\">Person in Notlage \/ Grafenbach<\/a><\/td><\/tr><tr><td>22<\/td><td>03.07.2023<\/td><td>04:46<\/td><td>S1<\/td><td><a href=\"https:\/\/ff-wimpassing.at\/?p=4907\" data-type=\"URL\" data-id=\"https:\/\/ff-wimpassing.at\/?p=4907\">\u00d6lspur \/ Bundesstra\u00dfe Kreuzung B\u00e4ckerei Mann<\/a><\/td><\/tr><tr><td>21<\/td><td>02.07.2023<\/td><td>07:36<\/td><td>T1<\/td><td><a href=\"https:\/\/ff-wimpassing.at\/?p=4900\" data-type=\"URL\" data-id=\"https:\/\/ff-wimpassing.at\/?p=4900\">PKW gegen Baum \/ Bundesstra\u00dfe H\u00f6he \u00c4rztehaus<\/a><\/td><\/tr><tr><td>20<\/td><td>14.06.2023<\/td><td>06:30<\/td><td>T0<\/td><td>Unterst\u00fctzung der Gemeinde \/ Bundesstra\u00dfe<\/td><\/tr><tr><td>19<\/td><td>09.06.2023<\/td><td>11:30<\/td><td>S1<\/td><td>Betriebsmittelaustritt \/ Dr. Karl Rennergasse <\/td><\/tr><tr><td>18<\/td><td>24.05.2023<\/td><td>12:51<\/td><td>B1<\/td><td><a href=\"https:\/\/ff-wimpassing.at\/?p=4805\" data-type=\"URL\" data-id=\"https:\/\/ff-wimpassing.at\/?p=4805\">Brandmelderausl\u00f6sung \/ Musikschule Wimpassing<\/a><\/td><\/tr><tr><td>17<\/td><td>29.04.2023<\/td><td>18:30<\/td><td>B0<\/td><td>Brandsicherheitswache\/ Kulturcentrum <\/td><\/tr><tr><td>16<\/td><td>29.04.2023<\/td><td>16:10<\/td><td>B2<\/td><td><a href=\"https:\/\/ff-wimpassing.at\/?p=4710\" data-type=\"URL\" data-id=\"https:\/\/ff-wimpassing.at\/?p=4710\">Fahrzeugbrand \/ Penny Markt Ternitz<\/a><\/td><\/tr><tr><td>15<\/td><td>28.04.2023<\/td><td>17:30<\/td><td>T0<\/td><td>Wasserversorgung \/ Johann-Bauer-Stra\u00dfe<\/td><\/tr><tr><td>14<\/td><td>14.04.2023<\/td><td>17:29<\/td><td>S2<\/td><td>\u00d6rtlicher Chemieunfall \/ Gewerbebetrieb<\/td><\/tr><tr><td>13<\/td><td>13.04.2023<\/td><td>17:27<\/td><td>T1<\/td><td><a href=\"https:\/\/ff-wimpassing.at\/?p=4599\" data-type=\"URL\" data-id=\"https:\/\/ff-wimpassing.at\/?p=4599\">Verkehrsunfall \/ Bundesstra\u00dfe H\u00f6he Hochhaus<\/a><\/td><\/tr><tr><td>12<\/td><td>08.04.2023<\/td><td>17:00<\/td><td>BSW<\/td><td><a href=\"https:\/\/ff-wimpassing.at\/?p=4612\" data-type=\"URL\" data-id=\"https:\/\/ff-wimpassing.at\/?p=4612\">Brandsicherheitswache \/ Osterfeuer<\/a><\/td><\/tr><tr><td>11<\/td><td>28.03.2023<\/td><td>14:24<\/td><td>B1<\/td><td><a href=\"https:\/\/ff-wimpassing.at\/?p=4502\" data-type=\"URL\" data-id=\"https:\/\/ff-wimpassing.at\/?p=4502\">Brandmelderausl\u00f6sung \/ Hochhaus<\/a><\/td><\/tr><tr><td>10<\/td><td>22.03.2023<\/td><td>16:55<\/td><td>T1<\/td><td><a href=\"https:\/\/ff-wimpassing.at\/?p=4415\" data-type=\"URL\" data-id=\"https:\/\/ff-wimpassing.at\/?p=4415\">T\u00fcr\u00f6ffnung \/ Ferdinand-Hanusch-Stra\u00dfe<\/a><\/td><\/tr><tr><td>9<\/td><td>19.03.2023<\/td><td>03:12<\/td><td>T1<\/td><td><a href=\"https:\/\/ff-wimpassing.at\/?p=4397\" data-type=\"link\" data-id=\"https:\/\/ff-wimpassing.at\/?p=4397\">PKW gegen Mauer \/ Bundesstra\u00dfe H\u00f6he Cafe Zentral<\/a><\/td><\/tr><tr><td>8<\/td><td>16.03.2023<\/td><td>08:41<\/td><td>B1<\/td><td><a href=\"https:\/\/ff-wimpassing.at\/?p=4375\" data-type=\"URL\" data-id=\"https:\/\/ff-wimpassing.at\/?p=4375\">Brandmelderausl\u00f6sung \/ Volksschule Wimpassing<\/a><\/td><\/tr><tr><td>7<\/td><td>14.02.2023<\/td><td>05:46<\/td><td>T1<\/td><td><a href=\"https:\/\/ff-wimpassing.at\/?p=4101\" data-type=\"URL\" data-id=\"https:\/\/ff-wimpassing.at\/?p=4101\">Fahrzeugbergung \/ Bergstra\u00dfe H\u00f6he Bergkapelle<\/a><\/td><\/tr><tr><td>6<\/td><td>13.02.2023<\/td><td>08:58<\/td><td>T1<\/td><td><a href=\"https:\/\/ff-wimpassing.at\/?p=4082\" data-type=\"URL\" data-id=\"https:\/\/ff-wimpassing.at\/?p=4082\">Fahrbahnreinigung nach VU \/ Bundesstra\u00dfe H\u00f6he Kulturcentrum<\/a><\/td><\/tr><tr><td>5<\/td><td>10.02.2023<\/td><td>14:29<\/td><td>B1<\/td><td>Brandmelderausl\u00f6sung \/ Gewerbebetrieb<\/td><\/tr><tr><td>4<\/td><td>27.01.2023<\/td><td>07:26<\/td><td>T1<\/td><td><a href=\"https:\/\/ff-wimpassing.at\/?p=4034\" data-type=\"URL\" data-id=\"https:\/\/ff-wimpassing.at\/?p=4034\">T\u00fcr\u00f6ffnung \/ Neubaugasse<\/a><\/td><\/tr><tr><td>3<\/td><td>22.01.2023<\/td><td>14:00<\/td><td>BSW<\/td><td><a href=\"https:\/\/ff-wimpassing.at\/?p=4026\" data-type=\"URL\" data-id=\"https:\/\/ff-wimpassing.at\/?p=4026\">Brandsicherheitswache \/ Kulturcentrum<\/a><\/td><\/tr><tr><td>2<\/td><td>20.01.2023<\/td><td>11:21<\/td><td>T1<\/td><td><a href=\"https:\/\/ff-wimpassing.at\/?p=3996\" data-type=\"URL\" data-id=\"https:\/\/ff-wimpassing.at\/?p=3996\">Fahrzeugbergung nach VU \/ Bundesstra\u00dfe (H\u00f6he Fa. Zingl)<\/a><\/td><\/tr><tr><td>1<\/td><td>01.01.2023<\/td><td>00:12<\/td><td>B2<\/td><td><a href=\"https:\/\/ff-wimpassing.at\/?p=3867\" data-type=\"URL\" data-id=\"https:\/\/ff-wimpassing.at\/?p=3867\">Kellerbrand \/ Schwarzastra\u00dfe (Grafenbach)<\/a><\/td><\/tr><\/tbody><\/table><\/figure>\n\n\n\n<p><\/p>\n","protected":false},"excerpt":{"rendered":"<p>Nr. Datum Alarm Art Alarmbeschreibung \/ Einsatzort 57 25.12.2023 08:54 T0 Hochwasser Voralarm &#8211; Kontrollfahrten \/ Dammweg &amp; Radfahrweg entlang der Schwarza 56 24.12.2023 11:31 T1 Auspumparbeiten \/ Dr. Thomas-Weber-Stra\u00dfe 55 24.12.2023 11:06 T1 Auspumparbeiten \/ Dr. Thomas-Weber-Stra\u00dfe 54 24.12.2023 09:30 T0 Hochwasser Voralarm &#8211; Kontrollfahrten \/ Dammweg &amp; Radfahrweg entlang der Schwarza 53 24.12.2023 [&hellip;]<\/p>\n","protected":false},"author":1,"featured_media":0,"parent":0,"menu_order":0,"comment_status":"closed","ping_status":"closed","template":"","meta":{"footnotes":""},"class_list":["post-971","page","type-page","status-publish","hentry"],"_links":{"self":[{"href":"https:\/\/ff-wimpassing.at\/index.php?rest_route=\/wp\/v2\/pages\/971","targetHints":{"allow":["GET"]}}],"collection":[{"href":"https:\/\/ff-wimpassing.at\/index.php?rest_route=\/wp\/v2\/pages"}],"about":[{"href":"https:\/\/ff-wimpassing.at\/index.php?rest_route=\/wp\/v2\/types\/page"}],"author":[{"embeddable":true,"href":"https:\/\/ff-wimpassing.at\/index.php?rest_route=\/wp\/v2\/users\/1"}],"replies":[{"embeddable":true,"href":"https:\/\/ff-wimpassing.at\/index.php?rest_route=%2Fwp%2Fv2%2Fcomments&post=971"}],"version-history":[{"count":135,"href":"https:\/\/ff-wimpassing.at\/index.php?rest_route=\/wp\/v2\/pages\/971\/revisions"}],"predecessor-version":[{"id":8915,"href":"https:\/\/ff-wimpassing.at\/index.php?rest_route=\/wp\/v2\/pages\/971\/revisions\/8915"}],"wp:attachment":[{"href":"https:\/\/ff-wimpassing.at\/index.php?rest_route=%2Fwp%2Fv2%2Fmedia&parent=971"}],"curies":[{"name":"wp","href":"https:\/\/api.w.org\/{rel}","templated":true}]}}