{"id":3876,"date":"2022-12-31T23:00:10","date_gmt":"2022-12-31T23:00:10","guid":{"rendered":"https:\/\/ff-wimpassing.at\/?page_id=3876"},"modified":"2026-01-05T13:26:13","modified_gmt":"2026-01-05T13:26:13","slug":"einsatzliste-2023","status":"publish","type":"page","link":"https:\/\/ff-wimpassing.at\/?page_id=3876","title":{"rendered":"Einsatzliste 2024"},"content":{"rendered":"\n<div class=\"wp-block-buttons has-custom-font-size has-medium-font-size is-horizontal is-content-justification-center is-layout-flex wp-container-core-buttons-is-layout-03627597 wp-block-buttons-is-layout-flex\">\n<div class=\"wp-block-button\"><a class=\"wp-block-button__link has-white-color has-vivid-red-background-color has-text-color has-background has-custom-font-size wp-element-button\" style=\"border-radius:100px;font-size:12px\">19<strong><br>Brandeins\u00e4tze<\/strong> und <strong>Brandsicherheitswachen<\/strong><br>(B0 &#8211; B4 und BSW)<\/a><\/div>\n\n\n\n<div class=\"wp-block-button is-style-fill\"><a class=\"wp-block-button__link has-white-color has-vivid-cyan-blue-background-color has-text-color has-background has-custom-font-size wp-element-button\" style=\"font-size:12px\">56<strong><br>Technische Eins\u00e4tze<\/strong><br>(T0 &#8211; T3)<\/a><\/div>\n\n\n\n<div class=\"wp-block-button\"><a class=\"wp-block-button__link has-white-color has-luminous-vivid-amber-background-color has-text-color has-background has-custom-font-size wp-element-button\" style=\"font-size:12px\">3<strong><br>Schadstoffeins\u00e4tze<\/strong><br>(S0 -S3)<\/a><\/div>\n<\/div>\n\n\n\n<p><\/p>\n\n\n\n<figure class=\"wp-block-table\"><table><tbody><tr><td><strong><mark style=\"background-color:rgba(0, 0, 0, 0)\" class=\"has-inline-color has-vivid-red-color\">Nr.<\/mark><\/strong><\/td><td><strong><mark style=\"background-color:rgba(0, 0, 0, 0)\" class=\"has-inline-color has-vivid-red-color\">Datum<\/mark><\/strong><\/td><td class=\"has-text-align-center\" data-align=\"center\"><strong><mark style=\"background-color:rgba(0, 0, 0, 0)\" class=\"has-inline-color has-vivid-red-color\">Alarm<\/mark><\/strong><\/td><td class=\"has-text-align-center\" data-align=\"center\"><strong><mark style=\"background-color:rgba(0, 0, 0, 0)\" class=\"has-inline-color has-vivid-red-color\">Art<\/mark><\/strong><\/td><td><strong><em><mark style=\"background-color:rgba(0, 0, 0, 0)\" class=\"has-inline-color has-vivid-red-color\">Alarmbeschreibung \/ Einsatzort<\/mark><\/em><\/strong><\/td><\/tr><tr><td>78<\/td><td>28.12.2024<\/td><td class=\"has-text-align-center\" data-align=\"center\">10:09<\/td><td class=\"has-text-align-center\" data-align=\"center\">S1<\/td><td><a href=\"https:\/\/ff-wimpassing.at\/?p=7333\" data-type=\"link\" data-id=\"https:\/\/ff-wimpassing.at\/?p=7333\">Benzingeruch \/ Karl-Seitz-Hof<\/a><\/td><\/tr><tr><td>77<\/td><td>27.12.2024<\/td><td class=\"has-text-align-center\" data-align=\"center\">06:14<\/td><td class=\"has-text-align-center\" data-align=\"center\">B1<\/td><td><a href=\"https:\/\/ff-wimpassing.at\/?p=7322\" data-type=\"link\" data-id=\"https:\/\/ff-wimpassing.at\/?p=7322\">Brandverdacht \/ Hochhaus<\/a><\/td><\/tr><tr><td>76<\/td><td>24.12.2024<\/td><td class=\"has-text-align-center\" data-align=\"center\">10:30<\/td><td class=\"has-text-align-center\" data-align=\"center\">T1<\/td><td>Fahrzeugbergung \/ Johann-Bauer-Stra\u00dfe<\/td><\/tr><tr><td>75<\/td><td>23.12.2024<\/td><td class=\"has-text-align-center\" data-align=\"center\">09:40<\/td><td class=\"has-text-align-center\" data-align=\"center\">T0<\/td><td>Unterst\u00fctzung Gemeinde \/ Bundesstra\u00dfe<\/td><\/tr><tr><td>74<\/td><td>23.12.2024<\/td><td class=\"has-text-align-center\" data-align=\"center\">05:26<\/td><td class=\"has-text-align-center\" data-align=\"center\">T1<\/td><td>T\u00fcr\u00f6ffnung \/ Hochhaus <\/td><\/tr><tr><td>73<\/td><td>17.12.2024<\/td><td class=\"has-text-align-center\" data-align=\"center\">10:00<\/td><td class=\"has-text-align-center\" data-align=\"center\">T0<\/td><td>Unterst\u00fctzung Gemeinde \/ Johann-Bauer-Stra\u00dfe<\/td><\/tr><tr><td>73<\/td><td>06.12.2024<\/td><td class=\"has-text-align-center\" data-align=\"center\">18:00<\/td><td class=\"has-text-align-center\" data-align=\"center\">BSW<\/td><td>Brandsicherheitswache \/ Perchtenlauf<\/td><\/tr><tr><td>72<\/td><td>29.11.2024<\/td><td class=\"has-text-align-center\" data-align=\"center\">18:00<\/td><td class=\"has-text-align-center\" data-align=\"center\">BSW<\/td><td>Brandsicherheitswache \/ Kulturcentrum Wimpassing <\/td><\/tr><tr><td>71<\/td><td>10.11.2024<\/td><td class=\"has-text-align-center\" data-align=\"center\">18:51<\/td><td class=\"has-text-align-center\" data-align=\"center\">T1<\/td><td><a href=\"https:\/\/ff-wimpassing.at\/?p=7146\" data-type=\"link\" data-id=\"https:\/\/ff-wimpassing.at\/?p=7146\">Tierrettung \/ Dr.-Thomas-Weber-Stra\u00dfe<\/a><\/td><\/tr><tr><td>70<\/td><td>10.11.2024<\/td><td class=\"has-text-align-center\" data-align=\"center\">15:55<\/td><td class=\"has-text-align-center\" data-align=\"center\">B1<\/td><td><a href=\"https:\/\/ff-wimpassing.at\/?p=7140\" data-type=\"link\" data-id=\"https:\/\/ff-wimpassing.at\/?p=7140\">Brandmelderausl\u00f6sung \/ Volksschule Wimpassing<\/a><\/td><\/tr><tr><td>69<\/td><td>15.10.2024<\/td><td class=\"has-text-align-center\" data-align=\"center\">15:39<\/td><td class=\"has-text-align-center\" data-align=\"center\">SOF1<\/td><td><a href=\"https:\/\/ff-wimpassing.at\/?p=6991\" data-type=\"link\" data-id=\"https:\/\/ff-wimpassing.at\/?p=6991\">Forstunfall \/ Ehem. Waldfu\u00dfballplatz<\/a><\/td><\/tr><tr><td>68<\/td><td>18.09.2024<\/td><td class=\"has-text-align-center\" data-align=\"center\">05:00<\/td><td class=\"has-text-align-center\" data-align=\"center\">SOF1<\/td><td><a href=\"https:\/\/ff-wimpassing.at\/?p=6896\" data-type=\"link\" data-id=\"https:\/\/ff-wimpassing.at\/?p=6896\">KHD Einsatz \/ Pottenbrunn (St. P\u00f6lten)<\/a><\/td><\/tr><tr><td>67<\/td><td>17.09.2024<\/td><td class=\"has-text-align-center\" data-align=\"center\">08:30<\/td><td class=\"has-text-align-center\" data-align=\"center\">T1<\/td><td>Sturmschaden \/ Mehrere Einsatzadressen in Wimpassing<\/td><\/tr><tr><td>66<\/td><td>17.09.2024<\/td><td class=\"has-text-align-center\" data-align=\"center\">08:10<\/td><td class=\"has-text-align-center\" data-align=\"center\">T0<\/td><td>Pegelkontrolle \/ Schwarza<\/td><\/tr><tr><td>65<\/td><td>16.09.2024<\/td><td class=\"has-text-align-center\" data-align=\"center\">10:12<\/td><td class=\"has-text-align-center\" data-align=\"center\">T1<\/td><td>Sturmschaden \/ Mehrere Einsatzadressen in Wimpassing<\/td><\/tr><tr><td>64<\/td><td>16.09.2024<\/td><td class=\"has-text-align-center\" data-align=\"center\">09:15<\/td><td class=\"has-text-align-center\" data-align=\"center\">T1<\/td><td>Auspumparbeiten \/ Johann Stau\u00df Gasse<\/td><\/tr><tr><td>63<\/td><td>16.09.2024<\/td><td class=\"has-text-align-center\" data-align=\"center\">08:12<\/td><td class=\"has-text-align-center\" data-align=\"center\">T0<\/td><td>Pegelkontrolle \/ Schwarza<\/td><\/tr><tr><td>62<\/td><td>16.09.2024<\/td><td class=\"has-text-align-center\" data-align=\"center\">07:30<\/td><td class=\"has-text-align-center\" data-align=\"center\">T0<\/td><td>Sicherungsarbeiten f\u00fcr Gemeinde \/ Wimpassing<\/td><\/tr><tr><td>61<\/td><td>16.09.2024<\/td><td class=\"has-text-align-center\" data-align=\"center\">07:00<\/td><td class=\"has-text-align-center\" data-align=\"center\">SOF<\/td><td>KHD Einsatz \/ K\u00fcb (Gemeinde Payerbach)<\/td><\/tr><tr><td>60<\/td><td>15.09.2024<\/td><td class=\"has-text-align-center\" data-align=\"center\">20:11<\/td><td class=\"has-text-align-center\" data-align=\"center\">T1<\/td><td>Auspumparbeiten \/ Mittelgasse<\/td><\/tr><tr><td>59<\/td><td>15.09.2024<\/td><td class=\"has-text-align-center\" data-align=\"center\">18:23<\/td><td class=\"has-text-align-center\" data-align=\"center\">T1<\/td><td>Auspumparbeiten \/ Mittelgasse<\/td><\/tr><tr><td>58<\/td><td>15.09.2024<\/td><td class=\"has-text-align-center\" data-align=\"center\">14:24<\/td><td class=\"has-text-align-center\" data-align=\"center\">T1<\/td><td>Sturmschaden \/ Dr.-Odorico-Susani-Gasse (Gloggnitz)<\/td><\/tr><tr><td>57<\/td><td>15.09.2024<\/td><td class=\"has-text-align-center\" data-align=\"center\">13:10<\/td><td class=\"has-text-align-center\" data-align=\"center\">T1<\/td><td>Sturmschaden \/ Mehrere Einsatzadressen in Wimpassing<\/td><\/tr><tr><td>56<\/td><td>15.09.2024<\/td><td class=\"has-text-align-center\" data-align=\"center\">13:00<\/td><td class=\"has-text-align-center\" data-align=\"center\">T1<\/td><td>Hochwasser \/ Schmidsdorf (Gemeinde Payerbach)<\/td><\/tr><tr><td>55<\/td><td>15.09.2024<\/td><td class=\"has-text-align-center\" data-align=\"center\">07:17<\/td><td class=\"has-text-align-center\" data-align=\"center\">T1<\/td><td>Sturmschaden \/ Mehrere Einsatzadressen in Wimpassing<\/td><\/tr><tr><td>54<\/td><td>15.09.2024<\/td><td class=\"has-text-align-center\" data-align=\"center\">4:42<\/td><td class=\"has-text-align-center\" data-align=\"center\">T1<\/td><td>Sturmschaden \/ Bundesstra\u00dfe H\u00f6he Volksschule<\/td><\/tr><tr><td>53<\/td><td>14.09.2024<\/td><td class=\"has-text-align-center\" data-align=\"center\">20:12<\/td><td class=\"has-text-align-center\" data-align=\"center\">T0<\/td><td>Pegelkontrolle \/ Schwarza<\/td><\/tr><tr><td>52<\/td><td>14.09.2024<\/td><td class=\"has-text-align-center\" data-align=\"center\">18:17<\/td><td class=\"has-text-align-center\" data-align=\"center\">T1<\/td><td>Sturmschaden \/ Bundesstra\u00dfe H\u00f6he Kulturcentrum<\/td><\/tr><tr><td>51<\/td><td>14.09.2024<\/td><td class=\"has-text-align-center\" data-align=\"center\">17:15<\/td><td class=\"has-text-align-center\" data-align=\"center\">T1<\/td><td>Sturmschaden\/ Bundesstra\u00dfe H\u00f6he ENI Tankstelle<\/td><\/tr><tr><td>50<\/td><td>14.09.2024<\/td><td class=\"has-text-align-center\" data-align=\"center\">17:15<\/td><td class=\"has-text-align-center\" data-align=\"center\">T1<\/td><td>Sturmschaden \/ Bundesstra\u00dfe Kreuzung Maretgasse<\/td><\/tr><tr><td>49<\/td><td>14.09.2024<\/td><td class=\"has-text-align-center\" data-align=\"center\">16:45<\/td><td class=\"has-text-align-center\" data-align=\"center\">T1<\/td><td>Sturmschaden \/ Johann-Strau\u00df-Stra\u00dfe<\/td><\/tr><tr><td>48<\/td><td>14.09.2024<\/td><td class=\"has-text-align-center\" data-align=\"center\">16:30<\/td><td class=\"has-text-align-center\" data-align=\"center\">T1<\/td><td>Sturmschaden \/ Bergstra\u00dfe<\/td><\/tr><tr><td>47<\/td><td>14.09.2024<\/td><td class=\"has-text-align-center\" data-align=\"center\">16:05<\/td><td class=\"has-text-align-center\" data-align=\"center\">T1<\/td><td>Sturmschaden \/ Maretgasse<\/td><\/tr><tr><td>46<\/td><td>14.09.2024<\/td><td class=\"has-text-align-center\" data-align=\"center\">14:30<\/td><td class=\"has-text-align-center\" data-align=\"center\">T1<\/td><td>Sturmschaden \/ Karl-Seitz-Hof<\/td><\/tr><tr><td>45<\/td><td>14.09.2024<\/td><td class=\"has-text-align-center\" data-align=\"center\">14:00<\/td><td class=\"has-text-align-center\" data-align=\"center\">T1<\/td><td>Sturmschaden \/ ENI Tankstelle<\/td><\/tr><tr><td>44<\/td><td>14.09.2024<\/td><td class=\"has-text-align-center\" data-align=\"center\">12:45<\/td><td class=\"has-text-align-center\" data-align=\"center\">T1<\/td><td>Sturmschaden \/ Maretgasse<\/td><\/tr><tr><td>43<\/td><td>14.09.2024<\/td><td class=\"has-text-align-center\" data-align=\"center\">11:54<\/td><td class=\"has-text-align-center\" data-align=\"center\">T1<\/td><td>Sturmschaden \/ Siedlergasse<\/td><\/tr><tr><td>42<\/td><td>14.09.2024<\/td><td class=\"has-text-align-center\" data-align=\"center\">11:39<\/td><td class=\"has-text-align-center\" data-align=\"center\">T1<\/td><td>T\u00fcr\u00f6ffnung \/ Hochhaus<\/td><\/tr><tr><td>41<\/td><td>14.09.2024<\/td><td class=\"has-text-align-center\" data-align=\"center\">8:50<\/td><td class=\"has-text-align-center\" data-align=\"center\">T1<\/td><td>Sturmschaden \/ Dammstra\u00dfe Radweg<\/td><\/tr><tr><td>40<\/td><td>13.09.2024<\/td><td class=\"has-text-align-center\" data-align=\"center\">17:11<\/td><td class=\"has-text-align-center\" data-align=\"center\">T1<\/td><td>Auspumparbeiten \/ Dr.-Karl-Renner-Gasse <\/td><\/tr><tr><td>39<\/td><td>11.09.2024<\/td><td class=\"has-text-align-center\" data-align=\"center\">19:00<\/td><td class=\"has-text-align-center\" data-align=\"center\">T0<\/td><td>Technische Hilfeleistung \/ Kirchengasse<\/td><\/tr><tr><td>38<\/td><td>09.09.2024<\/td><td class=\"has-text-align-center\" data-align=\"center\">11:36<\/td><td class=\"has-text-align-center\" data-align=\"center\">T1<\/td><td><a href=\"https:\/\/ff-wimpassing.at\/?p=6776\" data-type=\"link\" data-id=\"https:\/\/ff-wimpassing.at\/?p=6776\">Baum auf LKW \/ Dr.-Karl-Seitz-Hof<\/a><\/td><\/tr><tr><td>37<\/td><td>08.09.2024<\/td><td class=\"has-text-align-center\" data-align=\"center\">16:07<\/td><td class=\"has-text-align-center\" data-align=\"center\">T1<\/td><td>T\u00fcr\u00f6ffnung \/ Dr.-Karl-Renner-Gasse<\/td><\/tr><tr><td>36<\/td><td>08.09.2024<\/td><td class=\"has-text-align-center\" data-align=\"center\">14:37<\/td><td class=\"has-text-align-center\" data-align=\"center\">T1<\/td><td>T\u00fcr\u00f6ffnung \/ Dr.-Karl-Renner-Gasse<\/td><\/tr><tr><td>35<\/td><td>06.09.2024<\/td><td class=\"has-text-align-center\" data-align=\"center\">18:30<\/td><td class=\"has-text-align-center\" data-align=\"center\">B0<\/td><td>Brandsicherheitswache \/ Kabarett im Feuerwehrhaus<\/td><\/tr><tr><td>34<\/td><td>02.09.2024<\/td><td class=\"has-text-align-center\" data-align=\"center\">18:50<\/td><td class=\"has-text-align-center\" data-align=\"center\">T0<\/td><td>Technische Hilfeleistung \/ Stinglgasse<\/td><\/tr><tr><td>33<\/td><td>30.08.2024<\/td><td class=\"has-text-align-center\" data-align=\"center\">9:00<\/td><td class=\"has-text-align-center\" data-align=\"center\">T1<\/td><td>Insekten-Einsatz \/ Gewerbebetrieb<\/td><\/tr><tr><td>32<\/td><td>28.08.2024<\/td><td class=\"has-text-align-center\" data-align=\"center\">17:27<\/td><td class=\"has-text-align-center\" data-align=\"center\">T2<\/td><td><a href=\"https:\/\/ff-wimpassing.at\/?p=6711\" data-type=\"link\" data-id=\"https:\/\/ff-wimpassing.at\/?p=6711\">Menschenrettung nach Verkehrsunfall \/ Grafenbach<\/a><\/td><\/tr><tr><td>31<\/td><td>23.08.2024<\/td><td class=\"has-text-align-center\" data-align=\"center\">14:56<\/td><td class=\"has-text-align-center\" data-align=\"center\">T1<\/td><td>Fahrzeugbergung \/ Schulstra\u00dfe in Grafenbach <\/td><\/tr><tr><td>30<\/td><td>17.08.2024<\/td><td class=\"has-text-align-center\" data-align=\"center\">21:23<\/td><td class=\"has-text-align-center\" data-align=\"center\">T2<\/td><td><a href=\"https:\/\/ff-wimpassing.at\/?p=6613\" data-type=\"link\" data-id=\"https:\/\/ff-wimpassing.at\/?p=6613\">Person im Wasser \/ Gloggnitz-Aue<\/a><\/td><\/tr><tr><td>29<\/td><td>17.08.2024<\/td><td class=\"has-text-align-center\" data-align=\"center\">18:10<\/td><td class=\"has-text-align-center\" data-align=\"center\">T1<\/td><td><a href=\"https:\/\/ff-wimpassing.at\/?p=6613\" data-type=\"link\" data-id=\"https:\/\/ff-wimpassing.at\/?p=6613\">Mehrere Unwettereins\u00e4tze \/ Gloggnitz-Weissenbach<\/a><\/td><\/tr><tr><td>28<\/td><td>17.08.2024<\/td><td class=\"has-text-align-center\" data-align=\"center\">17:36<\/td><td class=\"has-text-align-center\" data-align=\"center\">T1<\/td><td><a href=\"https:\/\/ff-wimpassing.at\/?p=6613\" data-type=\"link\" data-id=\"https:\/\/ff-wimpassing.at\/?p=6613\">Hochwasser \/ Gloggnitz-Aue<\/a><\/td><\/tr><tr><td>27<\/td><td>28.07.2024<\/td><td class=\"has-text-align-center\" data-align=\"center\">19:45<\/td><td class=\"has-text-align-center\" data-align=\"center\">T0<\/td><td>Insekten-Einsatz \/ Pottschacher Stra\u00dfe <\/td><\/tr><tr><td>26<\/td><td>27.07.2024<\/td><td class=\"has-text-align-center\" data-align=\"center\">20:00<\/td><td class=\"has-text-align-center\" data-align=\"center\">T0<\/td><td>Insekten-Einsatz \/ Ferdinand-Hanusch-Stra\u00dfe<\/td><\/tr><tr><td>25<\/td><td>26.07.2024<\/td><td class=\"has-text-align-center\" data-align=\"center\">20:05<\/td><td class=\"has-text-align-center\" data-align=\"center\">T0<\/td><td>Insekten-Einsatz \/ Ferdinand-Hanusch-Stra\u00dfe<\/td><\/tr><tr><td>24<\/td><td>23.07.2024<\/td><td class=\"has-text-align-center\" data-align=\"center\">09:38<\/td><td class=\"has-text-align-center\" data-align=\"center\">B1<\/td><td>Brandmelderausl\u00f6sung \/ Gewerbebetrieb<\/td><\/tr><tr><td>23<\/td><td>16.07.2024<\/td><td class=\"has-text-align-center\" data-align=\"center\">15:53<\/td><td class=\"has-text-align-center\" data-align=\"center\">B3<\/td><td><a href=\"https:\/\/ff-wimpassing.at\/?p=6551\" data-type=\"link\" data-id=\"https:\/\/ff-wimpassing.at\/?p=6551\">Waldbrand \/ Heuberg &#8211; Penk<\/a><\/td><\/tr><tr><td>22<\/td><td>12.07.2024<\/td><td class=\"has-text-align-center\" data-align=\"center\">18:04<\/td><td class=\"has-text-align-center\" data-align=\"center\">T1<\/td><td><a href=\"https:\/\/ff-wimpassing.at\/?p=6545\" data-type=\"link\" data-id=\"https:\/\/ff-wimpassing.at\/?p=6545\">Sturmschaden \/ Johann-Bauer-Stra\u00dfe<\/a><\/td><\/tr><tr><td>21<\/td><td>09.07.2024<\/td><td class=\"has-text-align-center\" data-align=\"center\">20:25<\/td><td class=\"has-text-align-center\" data-align=\"center\">T0<\/td><td>Insekten-Einsatz \/ Bundesstra\u00dfe<\/td><\/tr><tr><td>20<\/td><td>30.06.2024<\/td><td class=\"has-text-align-center\" data-align=\"center\">19:33<\/td><td class=\"has-text-align-center\" data-align=\"center\">T1<\/td><td><a href=\"https:\/\/ff-wimpassing.at\/?p=6477\" data-type=\"link\" data-id=\"https:\/\/ff-wimpassing.at\/?p=6477\">Wassergebrechen \/ Bundesstra\u00dfe<\/a><\/td><\/tr><tr><td>19<\/td><td>29.06.2024<\/td><td class=\"has-text-align-center\" data-align=\"center\">17:00<\/td><td class=\"has-text-align-center\" data-align=\"center\">B0<\/td><td><a href=\"https:\/\/ff-wimpassing.at\/?p=6474\" data-type=\"link\" data-id=\"https:\/\/ff-wimpassing.at\/?p=6474\">Brandsicherheitswache \/ Moccamio OpenAir<\/a><\/td><\/tr><tr><td>18<\/td><td>28.06.2024<\/td><td class=\"has-text-align-center\" data-align=\"center\">17:00<\/td><td class=\"has-text-align-center\" data-align=\"center\">B0<\/td><td><a href=\"https:\/\/ff-wimpassing.at\/?p=6474\" data-type=\"link\" data-id=\"https:\/\/ff-wimpassing.at\/?p=6474\">Brandsicherheitswache \/ Moccamio OpenAir<\/a><\/td><\/tr><tr><td>17<\/td><td>27.06.2024<\/td><td class=\"has-text-align-center\" data-align=\"center\">15:25<\/td><td class=\"has-text-align-center\" data-align=\"center\">T1<\/td><td><a href=\"https:\/\/ff-wimpassing.at\/?p=6468\" data-type=\"link\" data-id=\"https:\/\/ff-wimpassing.at\/?p=6468\">Auspumparbeiten \/ Bundesstra\u00dfe<\/a><\/td><\/tr><tr><td>16<\/td><td>27.06.2024<\/td><td class=\"has-text-align-center\" data-align=\"center\">15:01<\/td><td class=\"has-text-align-center\" data-align=\"center\">T1<\/td><td><a href=\"https:\/\/ff-wimpassing.at\/?p=6468\" data-type=\"link\" data-id=\"https:\/\/ff-wimpassing.at\/?p=6468\">Auspumparbeiten \/ Dr.-Karl-Renner-Gasse<\/a><\/td><\/tr><tr><td>15<\/td><td>18.06.2024<\/td><td class=\"has-text-align-center\" data-align=\"center\">1:46<\/td><td class=\"has-text-align-center\" data-align=\"center\">T2<\/td><td><a href=\"https:\/\/ff-wimpassing.at\/?p=6415\" data-type=\"link\" data-id=\"https:\/\/ff-wimpassing.at\/?p=6415\">Fahrzeugbergung nach VU \/ B17<\/a><\/td><\/tr><tr><td>14<\/td><td>15.06.2024<\/td><td class=\"has-text-align-center\" data-align=\"center\">17:30<\/td><td class=\"has-text-align-center\" data-align=\"center\">B0<\/td><td><a href=\"https:\/\/ff-wimpassing.at\/?p=6398\" data-type=\"link\" data-id=\"https:\/\/ff-wimpassing.at\/?p=6398\">Brandsicherheitswache \/ Kulturcentrum Wimpassing<\/a><\/td><\/tr><tr><td>13<\/td><td>15.05.2024<\/td><td class=\"has-text-align-center\" data-align=\"center\">16:01<\/td><td class=\"has-text-align-center\" data-align=\"center\">B1<\/td><td><a href=\"https:\/\/ff-wimpassing.at\/?p=6288\" data-type=\"link\" data-id=\"https:\/\/ff-wimpassing.at\/?p=6288\">Brandmelderausl\u00f6sung \/ Gewerbebetrieb<\/a><\/td><\/tr><tr><td>12<\/td><td>04.05.2024<\/td><td class=\"has-text-align-center\" data-align=\"center\">18:15<\/td><td class=\"has-text-align-center\" data-align=\"center\">B0<\/td><td>Brandsicherheitswache \/ Kulturcentrum Wimpassing<\/td><\/tr><tr><td>11<\/td><td>27.04.2024<\/td><td class=\"has-text-align-center\" data-align=\"center\">18:00<\/td><td class=\"has-text-align-center\" data-align=\"center\">B0<\/td><td>Brandsicherheitswache \/ Kulturcentrum Wimpassing<\/td><\/tr><tr><td>10<\/td><td>10.04.2024<\/td><td class=\"has-text-align-center\" data-align=\"center\">18:20<\/td><td class=\"has-text-align-center\" data-align=\"center\">B0<\/td><td>Brandsicherheitswache \/ Kulturcentrum Wimpassing<\/td><\/tr><tr><td>9<\/td><td>30.03.2024<\/td><td class=\"has-text-align-center\" data-align=\"center\">17:15<\/td><td class=\"has-text-align-center\" data-align=\"center\">B0<\/td><td><a href=\"https:\/\/ff-wimpassing.at\/?p=6115\" data-type=\"link\" data-id=\"https:\/\/ff-wimpassing.at\/?p=6115\">Osterfeuer \/ Karl-Schwarz-Stra\u00dfe<\/a><\/td><\/tr><tr><td>8<\/td><td>08.03.2024<\/td><td class=\"has-text-align-center\" data-align=\"center\">15:18<\/td><td class=\"has-text-align-center\" data-align=\"center\">S1<\/td><td><a href=\"https:\/\/ff-wimpassing.at\/?p=6028\" data-type=\"link\" data-id=\"https:\/\/ff-wimpassing.at\/?p=6028\">\u00d6lspur \/ Karl-Schwarz-Stra\u00dfe bis B17 Ortsende<\/a><\/td><\/tr><tr><td>7<\/td><td>19.02.2024<\/td><td class=\"has-text-align-center\" data-align=\"center\">06:27<\/td><td class=\"has-text-align-center\" data-align=\"center\">B2<\/td><td><a href=\"https:\/\/ff-wimpassing.at\/?p=5921\" data-type=\"link\" data-id=\"https:\/\/ff-wimpassing.at\/?p=5921\">Bran in Gastronomiebetrieb \/ Einkaufszentrum Wimpassing<\/a><\/td><\/tr><tr><td>6<\/td><td>10.02.2024<\/td><td class=\"has-text-align-center\" data-align=\"center\">14:46<\/td><td class=\"has-text-align-center\" data-align=\"center\">B1<\/td><td><a href=\"https:\/\/ff-wimpassing.at\/?p=5906\" data-type=\"link\" data-id=\"https:\/\/ff-wimpassing.at\/?p=5906\">Brandmelderausl\u00f6sung \/ Hochhaus<\/a><\/td><\/tr><tr><td>5<\/td><td>08.02.2024<\/td><td class=\"has-text-align-center\" data-align=\"center\">15:27<\/td><td class=\"has-text-align-center\" data-align=\"center\">B1<\/td><td><a href=\"https:\/\/ff-wimpassing.at\/?p=5891\" data-type=\"link\" data-id=\"https:\/\/ff-wimpassing.at\/?p=5891\">Brandmelderausl\u00f6sung \/ Gewerbebetrieb<\/a><\/td><\/tr><tr><td>4<\/td><td>28.01.2024<\/td><td class=\"has-text-align-center\" data-align=\"center\">13:50<\/td><td class=\"has-text-align-center\" data-align=\"center\">T1<\/td><td>Fahrzeugbergung \/ Neunkirchen <\/td><\/tr><tr><td>3<\/td><td>22.01.2024<\/td><td class=\"has-text-align-center\" data-align=\"center\">17:28<\/td><td class=\"has-text-align-center\" data-align=\"center\">S1<\/td><td><a href=\"https:\/\/ff-wimpassing.at\/?p=5819\" data-type=\"link\" data-id=\"https:\/\/ff-wimpassing.at\/?p=5819\">\u00d6lspur \/ B17 H\u00f6he Semperit <\/a><\/td><\/tr><tr><td>2<\/td><td>21.01.2024<\/td><td class=\"has-text-align-center\" data-align=\"center\">14:45<\/td><td class=\"has-text-align-center\" data-align=\"center\">B0<\/td><td>Brandsicherheitswache \/ Kulturcentrum Wimpassing <\/td><\/tr><tr><td>1<\/td><td>01.01.2023<\/td><td class=\"has-text-align-center\" data-align=\"center\">10:32<\/td><td class=\"has-text-align-center\" data-align=\"center\">T2<\/td><td><a href=\"https:\/\/ff-wimpassing.at\/?p=5702\" data-type=\"link\" data-id=\"https:\/\/ff-wimpassing.at\/?p=5702\">Menschenrettung nach Verkehrsunfall \/ B17 H\u00f6he Gemeindeamt<\/a><\/td><\/tr><\/tbody><\/table><\/figure>\n","protected":false},"excerpt":{"rendered":"<p>Nr. Datum Alarm Art Alarmbeschreibung \/ Einsatzort 78 28.12.2024 10:09 S1 Benzingeruch \/ Karl-Seitz-Hof 77 27.12.2024 06:14 B1 Brandverdacht \/ Hochhaus 76 24.12.2024 10:30 T1 Fahrzeugbergung \/ Johann-Bauer-Stra\u00dfe 75 23.12.2024 09:40 T0 Unterst\u00fctzung Gemeinde \/ Bundesstra\u00dfe 74 23.12.2024 05:26 T1 T\u00fcr\u00f6ffnung \/ Hochhaus 73 17.12.2024 10:00 T0 Unterst\u00fctzung Gemeinde \/ Johann-Bauer-Stra\u00dfe 73 06.12.2024 18:00 BSW [&hellip;]<\/p>\n","protected":false},"author":1,"featured_media":0,"parent":0,"menu_order":0,"comment_status":"closed","ping_status":"closed","template":"","meta":{"footnotes":""},"class_list":["post-3876","page","type-page","status-publish","hentry"],"_links":{"self":[{"href":"https:\/\/ff-wimpassing.at\/index.php?rest_route=\/wp\/v2\/pages\/3876","targetHints":{"allow":["GET"]}}],"collection":[{"href":"https:\/\/ff-wimpassing.at\/index.php?rest_route=\/wp\/v2\/pages"}],"about":[{"href":"https:\/\/ff-wimpassing.at\/index.php?rest_route=\/wp\/v2\/types\/page"}],"author":[{"embeddable":true,"href":"https:\/\/ff-wimpassing.at\/index.php?rest_route=\/wp\/v2\/users\/1"}],"replies":[{"embeddable":true,"href":"https:\/\/ff-wimpassing.at\/index.php?rest_route=%2Fwp%2Fv2%2Fcomments&post=3876"}],"version-history":[{"count":131,"href":"https:\/\/ff-wimpassing.at\/index.php?rest_route=\/wp\/v2\/pages\/3876\/revisions"}],"predecessor-version":[{"id":8925,"href":"https:\/\/ff-wimpassing.at\/index.php?rest_route=\/wp\/v2\/pages\/3876\/revisions\/8925"}],"wp:attachment":[{"href":"https:\/\/ff-wimpassing.at\/index.php?rest_route=%2Fwp%2Fv2%2Fmedia&parent=3876"}],"curies":[{"name":"wp","href":"https:\/\/api.w.org\/{rel}","templated":true}]}}