{"id":18,"date":"2022-02-11T23:25:06","date_gmt":"2022-02-11T23:25:06","guid":{"rendered":"https:\/\/ff-wimpassing.at\/?page_id=18"},"modified":"2026-03-17T05:36:48","modified_gmt":"2026-03-17T05:36:48","slug":"jugend","status":"publish","type":"page","link":"https:\/\/ff-wimpassing.at\/?page_id=18","title":{"rendered":"Mitglieder FJ"},"content":{"rendered":"\n<p>Unsere Feuerwehrjugend besteht derzeit aus 8 M\u00e4dchen und Burschen im Alter von 10 bis 15 Jahren.<\/p>\n\n\n\n<p>Die w\u00f6chentlichen Jugendstunden finden<mark style=\"background-color:rgba(0, 0, 0, 0)\" class=\"has-inline-color has-vivid-red-color\"> <strong>jeden Freitag von 17:00 &#8211; 18:30 Uhr<\/strong><\/mark> (au\u00dfer Feiertag und Ferien) im Feuerwehrhaus statt.<\/p>\n\n\n\n<p class=\"has-medium-font-size\"><strong><mark style=\"background-color:rgba(0, 0, 0, 0)\" class=\"has-inline-color has-vivid-red-color\">Mitglieder der Feuerwehrjugend<\/mark><\/strong><\/p>\n\n\n\n<figure class=\"wp-block-gallery has-nested-images columns-4 is-cropped wp-block-gallery-1 is-layout-flex wp-block-gallery-is-layout-flex\">\n<figure class=\"wp-block-image size-large\"><img loading=\"lazy\" decoding=\"async\" width=\"768\" height=\"1024\" data-id=\"7256\" src=\"https:\/\/ff-wimpassing.at\/wp-content\/uploads\/2024\/12\/JFM-Matheo-Baumgartner-768x1024.jpg\" alt=\"\" class=\"wp-image-7256\" srcset=\"https:\/\/ff-wimpassing.at\/wp-content\/uploads\/2024\/12\/JFM-Matheo-Baumgartner-768x1024.jpg 768w, https:\/\/ff-wimpassing.at\/wp-content\/uploads\/2024\/12\/JFM-Matheo-Baumgartner-225x300.jpg 225w, https:\/\/ff-wimpassing.at\/wp-content\/uploads\/2024\/12\/JFM-Matheo-Baumgartner-1152x1536.jpg 1152w, https:\/\/ff-wimpassing.at\/wp-content\/uploads\/2024\/12\/JFM-Matheo-Baumgartner-1536x2048.jpg 1536w, https:\/\/ff-wimpassing.at\/wp-content\/uploads\/2024\/12\/JFM-Matheo-Baumgartner-scaled.jpg 1920w\" sizes=\"auto, (max-width: 768px) 100vw, 768px\" \/><figcaption class=\"wp-element-caption\">Matheo Baumgartner<\/figcaption><\/figure>\n\n\n\n<figure class=\"wp-block-image size-large\"><img loading=\"lazy\" decoding=\"async\" width=\"768\" height=\"1024\" data-id=\"7254\" src=\"https:\/\/ff-wimpassing.at\/wp-content\/uploads\/2024\/12\/JFM-Melanie-Brandstaetter--768x1024.jpg\" alt=\"\" class=\"wp-image-7254\" srcset=\"https:\/\/ff-wimpassing.at\/wp-content\/uploads\/2024\/12\/JFM-Melanie-Brandstaetter--768x1024.jpg 768w, https:\/\/ff-wimpassing.at\/wp-content\/uploads\/2024\/12\/JFM-Melanie-Brandstaetter--225x300.jpg 225w, https:\/\/ff-wimpassing.at\/wp-content\/uploads\/2024\/12\/JFM-Melanie-Brandstaetter--1152x1536.jpg 1152w, https:\/\/ff-wimpassing.at\/wp-content\/uploads\/2024\/12\/JFM-Melanie-Brandstaetter--1536x2048.jpg 1536w, https:\/\/ff-wimpassing.at\/wp-content\/uploads\/2024\/12\/JFM-Melanie-Brandstaetter--scaled.jpg 1920w\" sizes=\"auto, (max-width: 768px) 100vw, 768px\" \/><figcaption class=\"wp-element-caption\">Gruppenkommandant<br>Melanie Brandst\u00e4tter<\/figcaption><\/figure>\n\n\n\n<figure class=\"wp-block-image size-large\"><img loading=\"lazy\" decoding=\"async\" width=\"768\" height=\"1024\" data-id=\"7255\" src=\"https:\/\/ff-wimpassing.at\/wp-content\/uploads\/2024\/12\/JFM-Kevin-Illes-768x1024.jpg\" alt=\"\" class=\"wp-image-7255\" srcset=\"https:\/\/ff-wimpassing.at\/wp-content\/uploads\/2024\/12\/JFM-Kevin-Illes-768x1024.jpg 768w, https:\/\/ff-wimpassing.at\/wp-content\/uploads\/2024\/12\/JFM-Kevin-Illes-225x300.jpg 225w, https:\/\/ff-wimpassing.at\/wp-content\/uploads\/2024\/12\/JFM-Kevin-Illes-1152x1536.jpg 1152w, https:\/\/ff-wimpassing.at\/wp-content\/uploads\/2024\/12\/JFM-Kevin-Illes-1536x2048.jpg 1536w, https:\/\/ff-wimpassing.at\/wp-content\/uploads\/2024\/12\/JFM-Kevin-Illes-scaled.jpg 1920w\" sizes=\"auto, (max-width: 768px) 100vw, 768px\" \/><figcaption class=\"wp-element-caption\">Kevin Illes<\/figcaption><\/figure>\n\n\n\n<figure class=\"wp-block-image size-large\"><img loading=\"lazy\" decoding=\"async\" width=\"768\" height=\"1024\" data-id=\"7264\" src=\"https:\/\/ff-wimpassing.at\/wp-content\/uploads\/2024\/12\/Jazmin-Pop-768x1024.jpg\" alt=\"\" class=\"wp-image-7264\" srcset=\"https:\/\/ff-wimpassing.at\/wp-content\/uploads\/2024\/12\/Jazmin-Pop-768x1024.jpg 768w, https:\/\/ff-wimpassing.at\/wp-content\/uploads\/2024\/12\/Jazmin-Pop-225x300.jpg 225w, https:\/\/ff-wimpassing.at\/wp-content\/uploads\/2024\/12\/Jazmin-Pop-1152x1536.jpg 1152w, https:\/\/ff-wimpassing.at\/wp-content\/uploads\/2024\/12\/Jazmin-Pop-1536x2048.jpg 1536w, https:\/\/ff-wimpassing.at\/wp-content\/uploads\/2024\/12\/Jazmin-Pop-scaled.jpg 1920w\" sizes=\"auto, (max-width: 768px) 100vw, 768px\" \/><figcaption class=\"wp-element-caption\">Jazmin Pop<\/figcaption><\/figure>\n\n\n\n<figure class=\"wp-block-image size-large\"><img loading=\"lazy\" decoding=\"async\" width=\"768\" height=\"1024\" data-id=\"7258\" src=\"https:\/\/ff-wimpassing.at\/wp-content\/uploads\/2024\/12\/JFM-Gabor-Pusztai-768x1024.jpg\" alt=\"\" class=\"wp-image-7258\" srcset=\"https:\/\/ff-wimpassing.at\/wp-content\/uploads\/2024\/12\/JFM-Gabor-Pusztai-768x1024.jpg 768w, https:\/\/ff-wimpassing.at\/wp-content\/uploads\/2024\/12\/JFM-Gabor-Pusztai-225x300.jpg 225w, https:\/\/ff-wimpassing.at\/wp-content\/uploads\/2024\/12\/JFM-Gabor-Pusztai-1152x1536.jpg 1152w, https:\/\/ff-wimpassing.at\/wp-content\/uploads\/2024\/12\/JFM-Gabor-Pusztai-1536x2048.jpg 1536w, https:\/\/ff-wimpassing.at\/wp-content\/uploads\/2024\/12\/JFM-Gabor-Pusztai-scaled.jpg 1920w\" sizes=\"auto, (max-width: 768px) 100vw, 768px\" \/><figcaption class=\"wp-element-caption\">Gabor Pusztai<\/figcaption><\/figure>\n\n\n\n<figure class=\"wp-block-image size-large\"><img loading=\"lazy\" decoding=\"async\" width=\"768\" height=\"1024\" data-id=\"7265\" src=\"https:\/\/ff-wimpassing.at\/wp-content\/uploads\/2024\/12\/Melody-Rose-Reis-768x1024.jpg\" alt=\"\" class=\"wp-image-7265\" srcset=\"https:\/\/ff-wimpassing.at\/wp-content\/uploads\/2024\/12\/Melody-Rose-Reis-768x1024.jpg 768w, https:\/\/ff-wimpassing.at\/wp-content\/uploads\/2024\/12\/Melody-Rose-Reis-225x300.jpg 225w, https:\/\/ff-wimpassing.at\/wp-content\/uploads\/2024\/12\/Melody-Rose-Reis-1152x1536.jpg 1152w, https:\/\/ff-wimpassing.at\/wp-content\/uploads\/2024\/12\/Melody-Rose-Reis-1536x2048.jpg 1536w, https:\/\/ff-wimpassing.at\/wp-content\/uploads\/2024\/12\/Melody-Rose-Reis-scaled.jpg 1920w\" sizes=\"auto, (max-width: 768px) 100vw, 768px\" \/><figcaption class=\"wp-element-caption\">Melody-Rose Reis<\/figcaption><\/figure>\n\n\n\n<figure class=\"wp-block-image size-large\"><img loading=\"lazy\" decoding=\"async\" width=\"768\" height=\"1024\" data-id=\"7257\" src=\"https:\/\/ff-wimpassing.at\/wp-content\/uploads\/2024\/12\/JFM-Elias-Wirkner-768x1024.jpg\" alt=\"\" class=\"wp-image-7257\" srcset=\"https:\/\/ff-wimpassing.at\/wp-content\/uploads\/2024\/12\/JFM-Elias-Wirkner-768x1024.jpg 768w, https:\/\/ff-wimpassing.at\/wp-content\/uploads\/2024\/12\/JFM-Elias-Wirkner-225x300.jpg 225w, https:\/\/ff-wimpassing.at\/wp-content\/uploads\/2024\/12\/JFM-Elias-Wirkner-1152x1536.jpg 1152w, https:\/\/ff-wimpassing.at\/wp-content\/uploads\/2024\/12\/JFM-Elias-Wirkner-1536x2048.jpg 1536w, https:\/\/ff-wimpassing.at\/wp-content\/uploads\/2024\/12\/JFM-Elias-Wirkner-scaled.jpg 1920w\" sizes=\"auto, (max-width: 768px) 100vw, 768px\" \/><figcaption class=\"wp-element-caption\">Elias Wirkner<\/figcaption><\/figure>\n\n\n\n<figure class=\"wp-block-image size-large\"><img loading=\"lazy\" decoding=\"async\" width=\"768\" height=\"1024\" data-id=\"7260\" src=\"https:\/\/ff-wimpassing.at\/wp-content\/uploads\/2024\/12\/JFM-Daniel-Zenz-768x1024.jpg\" alt=\"\" class=\"wp-image-7260\" srcset=\"https:\/\/ff-wimpassing.at\/wp-content\/uploads\/2024\/12\/JFM-Daniel-Zenz-768x1024.jpg 768w, https:\/\/ff-wimpassing.at\/wp-content\/uploads\/2024\/12\/JFM-Daniel-Zenz-225x300.jpg 225w, https:\/\/ff-wimpassing.at\/wp-content\/uploads\/2024\/12\/JFM-Daniel-Zenz-1152x1536.jpg 1152w, https:\/\/ff-wimpassing.at\/wp-content\/uploads\/2024\/12\/JFM-Daniel-Zenz-1536x2048.jpg 1536w, https:\/\/ff-wimpassing.at\/wp-content\/uploads\/2024\/12\/JFM-Daniel-Zenz-scaled.jpg 1920w\" sizes=\"auto, (max-width: 768px) 100vw, 768px\" \/><figcaption class=\"wp-element-caption\">Daniel Zenz<\/figcaption><\/figure>\n<\/figure>\n\n\n\n<p><\/p>\n\n\n\n<p class=\"has-medium-font-size\"><strong><mark style=\"background-color:rgba(0, 0, 0, 0)\" class=\"has-inline-color has-vivid-red-color\">Betreuer<\/mark><\/strong><\/p>\n\n\n\n<figure class=\"wp-block-gallery has-nested-images columns-default is-cropped wp-block-gallery-2 is-layout-flex wp-block-gallery-is-layout-flex\">\n<figure class=\"wp-block-image size-large\"><img loading=\"lazy\" decoding=\"async\" width=\"683\" height=\"1024\" data-id=\"3959\" src=\"https:\/\/ff-wimpassing.at\/wp-content\/uploads\/2023\/01\/Ines-Stocker-683x1024.jpg\" alt=\"\" class=\"wp-image-3959\" srcset=\"https:\/\/ff-wimpassing.at\/wp-content\/uploads\/2023\/01\/Ines-Stocker-683x1024.jpg 683w, https:\/\/ff-wimpassing.at\/wp-content\/uploads\/2023\/01\/Ines-Stocker-200x300.jpg 200w, https:\/\/ff-wimpassing.at\/wp-content\/uploads\/2023\/01\/Ines-Stocker-768x1152.jpg 768w, https:\/\/ff-wimpassing.at\/wp-content\/uploads\/2023\/01\/Ines-Stocker-1024x1536.jpg 1024w, https:\/\/ff-wimpassing.at\/wp-content\/uploads\/2023\/01\/Ines-Stocker-1365x2048.jpg 1365w, https:\/\/ff-wimpassing.at\/wp-content\/uploads\/2023\/01\/Ines-Stocker-scaled.jpg 1707w\" sizes=\"auto, (max-width: 683px) 100vw, 683px\" \/><figcaption class=\"wp-element-caption\">Jugendbetreuer<br>Ines Stocker<\/figcaption><\/figure>\n\n\n\n<figure class=\"wp-block-image size-large\"><img loading=\"lazy\" decoding=\"async\" width=\"576\" height=\"1024\" data-id=\"8971\" src=\"https:\/\/ff-wimpassing.at\/wp-content\/uploads\/2026\/01\/Nicole-Poeter-576x1024.jpg\" alt=\"\" class=\"wp-image-8971\" srcset=\"https:\/\/ff-wimpassing.at\/wp-content\/uploads\/2026\/01\/Nicole-Poeter-576x1024.jpg 576w, https:\/\/ff-wimpassing.at\/wp-content\/uploads\/2026\/01\/Nicole-Poeter-169x300.jpg 169w, https:\/\/ff-wimpassing.at\/wp-content\/uploads\/2026\/01\/Nicole-Poeter-768x1365.jpg 768w, https:\/\/ff-wimpassing.at\/wp-content\/uploads\/2026\/01\/Nicole-Poeter-864x1536.jpg 864w, https:\/\/ff-wimpassing.at\/wp-content\/uploads\/2026\/01\/Nicole-Poeter-1152x2048.jpg 1152w, https:\/\/ff-wimpassing.at\/wp-content\/uploads\/2026\/01\/Nicole-Poeter-scaled.jpg 1440w\" sizes=\"auto, (max-width: 576px) 100vw, 576px\" \/><figcaption class=\"wp-element-caption\">Gehilfe des Jugendbetreuers<br>Nicole P\u00f6ter<\/figcaption><\/figure>\n<\/figure>\n","protected":false},"excerpt":{"rendered":"<p>Unsere Feuerwehrjugend besteht derzeit aus 8 M\u00e4dchen und Burschen im Alter von 10 bis 15 Jahren. Die w\u00f6chentlichen Jugendstunden finden jeden Freitag von 17:00 &#8211; 18:30 Uhr (au\u00dfer Feiertag und Ferien) im Feuerwehrhaus statt. Mitglieder der Feuerwehrjugend Betreuer<\/p>\n","protected":false},"author":1,"featured_media":0,"parent":0,"menu_order":0,"comment_status":"closed","ping_status":"closed","template":"","meta":{"footnotes":""},"class_list":["post-18","page","type-page","status-publish","hentry"],"_links":{"self":[{"href":"https:\/\/ff-wimpassing.at\/index.php?rest_route=\/wp\/v2\/pages\/18","targetHints":{"allow":["GET"]}}],"collection":[{"href":"https:\/\/ff-wimpassing.at\/index.php?rest_route=\/wp\/v2\/pages"}],"about":[{"href":"https:\/\/ff-wimpassing.at\/index.php?rest_route=\/wp\/v2\/types\/page"}],"author":[{"embeddable":true,"href":"https:\/\/ff-wimpassing.at\/index.php?rest_route=\/wp\/v2\/users\/1"}],"replies":[{"embeddable":true,"href":"https:\/\/ff-wimpassing.at\/index.php?rest_route=%2Fwp%2Fv2%2Fcomments&post=18"}],"version-history":[{"count":65,"href":"https:\/\/ff-wimpassing.at\/index.php?rest_route=\/wp\/v2\/pages\/18\/revisions"}],"predecessor-version":[{"id":9223,"href":"https:\/\/ff-wimpassing.at\/index.php?rest_route=\/wp\/v2\/pages\/18\/revisions\/9223"}],"wp:attachment":[{"href":"https:\/\/ff-wimpassing.at\/index.php?rest_route=%2Fwp%2Fv2%2Fmedia&parent=18"}],"curies":[{"name":"wp","href":"https:\/\/api.w.org\/{rel}","templated":true}]}}