{"id":143,"date":"2022-02-15T10:18:11","date_gmt":"2022-02-15T10:18:11","guid":{"rendered":"https:\/\/ff-wimpassing.at\/?page_id=143"},"modified":"2022-03-14T12:07:48","modified_gmt":"2022-03-14T12:07:48","slug":"mannschaftstransportfahrzeug-mit-allrad","status":"publish","type":"page","link":"https:\/\/ff-wimpassing.at\/?page_id=143","title":{"rendered":"Mannschaftstransportfahrzeug mit Allrad"},"content":{"rendered":"\n<p>Das Mannschaftstransportfahrzeug mit Allrad (MTFA) wurde im Winter 2016 angeschafft.&nbsp;Es dient vorwiegend der Feuerwehrjugend als Transportfahrzeug f\u00fcr das Jugendlager und allen anderen Veranstaltungen. Die aktive Mannschaft bedient sich des Fahrzeuges f\u00fcr Fahrten in die Landesfeuerwehrschule, f\u00fcr Brandsicherheitswachen und \u00e4hnliches. Insbesonders bei Fahrzeugbergungen wird das MTFA als Zugfahrzeug f\u00fcr unsere Abschleppachse verwendet.<\/p>\n\n\n\n<figure class=\"wp-block-table\"><table><tbody><tr><td><strong>Fahrzeugdaten<\/strong><\/td><\/tr><tr><td>Taktische Bezeichnung<\/td><td>MTFA<\/td><\/tr><tr><td>Funkname<\/td><td>Bus Wimpassing<\/td><\/tr><tr><td>Besatzung<\/td><td>1:8<\/td><\/tr><tr><td>Baujahr<\/td><td>2016<\/td><\/tr><tr><td>Erzeuger<\/td><td>Volkswagen AG<\/td><\/tr><tr><td>Typenbezeichnung<\/td><td>VW Kombi LR TDI Eu6<\/td><\/tr><tr><td>Motorleistung<\/td><td>110kW<\/td><\/tr><tr><td>Gesamtgewicht<\/td><td>3.200 kg<\/td><\/tr><tr><td>Feuerwehraufbau<\/td><td>Posche Wiener Neustadt<\/td><\/tr><tr><td>Kennzeichen<\/td><td>NK-90 TZ<\/td><\/tr><tr><td>KHD<sup>1<\/sup><\/td><td>nein<\/td><\/tr><\/tbody><\/table><\/figure>\n\n\n\n<figure class=\"wp-block-gallery has-nested-images columns-default is-cropped wp-block-gallery-1 is-layout-flex wp-block-gallery-is-layout-flex\">\n<figure class=\"wp-block-image size-large\"><a href=\"https:\/\/ff-wimpassing.at\/wp-content\/uploads\/2022\/03\/MTFA-3.jpg\"><img loading=\"lazy\" decoding=\"async\" width=\"1280\" height=\"853\" data-id=\"1316\" src=\"https:\/\/ff-wimpassing.at\/wp-content\/uploads\/2022\/03\/MTFA-3.jpg\" alt=\"\" class=\"wp-image-1316\" srcset=\"https:\/\/ff-wimpassing.at\/wp-content\/uploads\/2022\/03\/MTFA-3.jpg 1280w, https:\/\/ff-wimpassing.at\/wp-content\/uploads\/2022\/03\/MTFA-3-300x200.jpg 300w, https:\/\/ff-wimpassing.at\/wp-content\/uploads\/2022\/03\/MTFA-3-1024x682.jpg 1024w, https:\/\/ff-wimpassing.at\/wp-content\/uploads\/2022\/03\/MTFA-3-768x512.jpg 768w\" sizes=\"auto, (max-width: 1280px) 100vw, 1280px\" \/><\/a><\/figure>\n\n\n\n<figure class=\"wp-block-image size-large\"><a href=\"https:\/\/ff-wimpassing.at\/wp-content\/uploads\/2022\/03\/MTFA-1.jpg\"><img loading=\"lazy\" decoding=\"async\" width=\"1280\" height=\"853\" data-id=\"1314\" src=\"https:\/\/ff-wimpassing.at\/wp-content\/uploads\/2022\/03\/MTFA-1.jpg\" alt=\"\" class=\"wp-image-1314\" srcset=\"https:\/\/ff-wimpassing.at\/wp-content\/uploads\/2022\/03\/MTFA-1.jpg 1280w, https:\/\/ff-wimpassing.at\/wp-content\/uploads\/2022\/03\/MTFA-1-300x200.jpg 300w, https:\/\/ff-wimpassing.at\/wp-content\/uploads\/2022\/03\/MTFA-1-1024x682.jpg 1024w, https:\/\/ff-wimpassing.at\/wp-content\/uploads\/2022\/03\/MTFA-1-768x512.jpg 768w\" sizes=\"auto, (max-width: 1280px) 100vw, 1280px\" \/><\/a><\/figure>\n\n\n\n<figure class=\"wp-block-image size-large\"><a href=\"https:\/\/ff-wimpassing.at\/wp-content\/uploads\/2022\/03\/MTFA-2.jpg\"><img loading=\"lazy\" decoding=\"async\" width=\"1280\" height=\"853\" data-id=\"1315\" src=\"https:\/\/ff-wimpassing.at\/wp-content\/uploads\/2022\/03\/MTFA-2.jpg\" alt=\"\" class=\"wp-image-1315\" srcset=\"https:\/\/ff-wimpassing.at\/wp-content\/uploads\/2022\/03\/MTFA-2.jpg 1280w, https:\/\/ff-wimpassing.at\/wp-content\/uploads\/2022\/03\/MTFA-2-300x200.jpg 300w, https:\/\/ff-wimpassing.at\/wp-content\/uploads\/2022\/03\/MTFA-2-1024x682.jpg 1024w, https:\/\/ff-wimpassing.at\/wp-content\/uploads\/2022\/03\/MTFA-2-768x512.jpg 768w\" sizes=\"auto, (max-width: 1280px) 100vw, 1280px\" \/><\/a><\/figure>\n\n\n\n<figure class=\"wp-block-image size-large\"><a href=\"https:\/\/ff-wimpassing.at\/wp-content\/uploads\/2022\/03\/MTFA-4.jpg\"><img loading=\"lazy\" decoding=\"async\" width=\"1280\" height=\"853\" data-id=\"1317\" src=\"https:\/\/ff-wimpassing.at\/wp-content\/uploads\/2022\/03\/MTFA-4.jpg\" alt=\"\" class=\"wp-image-1317\" srcset=\"https:\/\/ff-wimpassing.at\/wp-content\/uploads\/2022\/03\/MTFA-4.jpg 1280w, https:\/\/ff-wimpassing.at\/wp-content\/uploads\/2022\/03\/MTFA-4-300x200.jpg 300w, https:\/\/ff-wimpassing.at\/wp-content\/uploads\/2022\/03\/MTFA-4-1024x682.jpg 1024w, https:\/\/ff-wimpassing.at\/wp-content\/uploads\/2022\/03\/MTFA-4-768x512.jpg 768w\" sizes=\"auto, (max-width: 1280px) 100vw, 1280px\" \/><\/a><\/figure>\n<\/figure>\n","protected":false},"excerpt":{"rendered":"<p>Das Mannschaftstransportfahrzeug mit Allrad (MTFA) wurde im Winter 2016 angeschafft.&nbsp;Es dient vorwiegend der Feuerwehrjugend als Transportfahrzeug f\u00fcr das Jugendlager und allen anderen Veranstaltungen. Die aktive Mannschaft bedient sich des Fahrzeuges f\u00fcr Fahrten in die Landesfeuerwehrschule, f\u00fcr Brandsicherheitswachen und \u00e4hnliches. Insbesonders bei Fahrzeugbergungen wird das MTFA als Zugfahrzeug f\u00fcr unsere Abschleppachse verwendet. Fahrzeugdaten Taktische Bezeichnung MTFA [&hellip;]<\/p>\n","protected":false},"author":1,"featured_media":0,"parent":0,"menu_order":0,"comment_status":"closed","ping_status":"closed","template":"","meta":{"footnotes":""},"class_list":["post-143","page","type-page","status-publish","hentry"],"_links":{"self":[{"href":"https:\/\/ff-wimpassing.at\/index.php?rest_route=\/wp\/v2\/pages\/143","targetHints":{"allow":["GET"]}}],"collection":[{"href":"https:\/\/ff-wimpassing.at\/index.php?rest_route=\/wp\/v2\/pages"}],"about":[{"href":"https:\/\/ff-wimpassing.at\/index.php?rest_route=\/wp\/v2\/types\/page"}],"author":[{"embeddable":true,"href":"https:\/\/ff-wimpassing.at\/index.php?rest_route=\/wp\/v2\/users\/1"}],"replies":[{"embeddable":true,"href":"https:\/\/ff-wimpassing.at\/index.php?rest_route=%2Fwp%2Fv2%2Fcomments&post=143"}],"version-history":[{"count":4,"href":"https:\/\/ff-wimpassing.at\/index.php?rest_route=\/wp\/v2\/pages\/143\/revisions"}],"predecessor-version":[{"id":1320,"href":"https:\/\/ff-wimpassing.at\/index.php?rest_route=\/wp\/v2\/pages\/143\/revisions\/1320"}],"wp:attachment":[{"href":"https:\/\/ff-wimpassing.at\/index.php?rest_route=%2Fwp%2Fv2%2Fmedia&parent=143"}],"curies":[{"name":"wp","href":"https:\/\/api.w.org\/{rel}","templated":true}]}}