{"id":137,"date":"2022-02-15T10:17:23","date_gmt":"2022-02-15T10:17:23","guid":{"rendered":"https:\/\/ff-wimpassing.at\/?page_id=137"},"modified":"2022-03-14T12:22:09","modified_gmt":"2022-03-14T12:22:09","slug":"hilfeleistungsfahrzeug-2","status":"publish","type":"page","link":"https:\/\/ff-wimpassing.at\/?page_id=137","title":{"rendered":"Hilfeleistungsfahrzeug 2"},"content":{"rendered":"\n<p>Das neueste Fahrzeug in unserem Fuhrpark ist das HLF 2. Es wurde am 19.03.2014 in Dienst gestellt und ersetzte das aus dem Jahre 1983 stammende KRF-B. Das HLF 2 ist so konzipiert, dass es sowohl f\u00fcr Technische Eins\u00e4tze als auch f\u00fcr Brandeins\u00e4tze herangezogen werden kann.<\/p>\n\n\n\n<p>Es ist mit einem permanent 4&#215;4 Allrad-Antrieb und mit einem 12-Gang Getriebe AS-Tronic (TipMatic) mit Kletterbremse ausgestattet.<\/p>\n\n\n\n<p>Mit dem fix eingebauten 200l Schaumtank und einer Schaumschnellangriffseinrichtung wird es vor allem bei Brandeins\u00e4tzen in der ortsans\u00e4ssigen Chemischen Industrie zum Zug kommen.<\/p>\n\n\n\n<p>F\u00fcr Technische Eins\u00e4tze steht uns nun ein Einbaustromerzeuger mit einer Leistung von 30kVA zur Verf\u00fcgung. Weiters Spreizer, Schere, Rettungszylinger, Hebekissen und vieles mehr. Erg\u00e4nzt wird das Fahrzeug noch mit einem Lichtmast mit 4 St\u00fcck LED-Scheinwerfer die 10.000 Lumen Lichtleistung bringen.<\/p>\n\n\n\n<figure class=\"wp-block-table\"><table><tbody><tr><td>Fahrzeugdaten<\/td><\/tr><tr><td>Taktische Bezeichnung<\/td><td>HLF 2<\/td><\/tr><tr><td>Funkname<\/td><td>HLF 2 Wimpassing<\/td><\/tr><tr><td>Besatzung<\/td><td>1:6<\/td><\/tr><tr><td>Baujahr<\/td><td>2014<\/td><\/tr><tr><td>Fahrgestell<\/td><td>MAN<\/td><\/tr><tr><td>Typenbezeichnung<\/td><td>TGM 15.290<\/td><\/tr><tr><td>Motorleistung<\/td><td>213kW<\/td><\/tr><tr><td>Gesamtgewicht<\/td><td>15.500kg<\/td><\/tr><tr><td>Feuerwehraufbau<\/td><td>Seiwald<\/td><\/tr><tr><td>Kennzeichen<\/td><td>NK-HLF2<\/td><\/tr><tr><td>KHD<sup>1<\/sup><\/td><td>nein<\/td><\/tr><\/tbody><\/table><\/figure>\n\n\n\n<p><strong>Ein- und Aufbauten<\/strong>:<\/p>\n\n\n\n<ul class=\"wp-block-list\"><li>Wassertank 2.000l<\/li><li>Schaumtank 200l<\/li><li>Einbaupumpe ZIEGLER&nbsp;FPN 10-2000<\/li><li>Schaumschnellangriffseinrichtung ca. 60m<\/li><li>Einbaustromerzeuger 30kVA<\/li><li>Lichtmast mit 4 St\u00fcck LED-Scheinwerfer<\/li><li>Verkehrsleiteinrichtung in LED Technik<\/li><\/ul>\n\n\n\n<p><strong>Beladung<\/strong>:<\/p>\n\n\n\n<ul class=\"wp-block-list\"><li>Atemschutz Dr\u00e4ger 3x200bar<\/li><li>Motorkettens\u00e4ge STIHL 023<\/li><li>Tauchpumpe MAST T12, F\u00f6rderstrom: 1300 l\/min<\/li><li>Tauchpumpe MAST T6, F\u00f6rderstrom: 660 l\/min<\/li><li>Hydraulikaggregat mit Doppelschlauchhaspel<\/li><li>Spreizer Type SP310<\/li><li>Lukas Schneidger\u00e4t S 700<\/li><li>Lukas Teleskop-Rettungszylinder 2 St\u00fcck<\/li><li>Mini-Hebekissen 8 bar, System 873 kN<\/li><li>Rangierroller GOJAK 6200<\/li><li>Korbtrage<\/li><li>Kombischaumrohr S2 1 St\u00fcck<\/li><li>B-Hohlstrahlrohr 1 St\u00fcck<\/li><li>C-Hohlstrahlrohr 3 St\u00fcck<\/li><li>B-Druckschlauch 200m<\/li><li>C-Druckschlauch 150m<\/li><li>Schiebeleiter<\/li><li>Steckleiter 4 x 2,50m<\/li><li>Mobiler Rauchverschluss<\/li><\/ul>\n\n\n\n<figure class=\"wp-block-gallery has-nested-images columns-3 is-cropped wp-block-gallery-1 is-layout-flex wp-block-gallery-is-layout-flex\">\n<figure class=\"wp-block-image size-large\"><a href=\"https:\/\/ff-wimpassing.at\/wp-content\/uploads\/2022\/03\/HLF2-4.jpg\"><img loading=\"lazy\" decoding=\"async\" width=\"1280\" height=\"853\" data-id=\"1339\" src=\"https:\/\/ff-wimpassing.at\/wp-content\/uploads\/2022\/03\/HLF2-4.jpg\" alt=\"\" class=\"wp-image-1339\" srcset=\"https:\/\/ff-wimpassing.at\/wp-content\/uploads\/2022\/03\/HLF2-4.jpg 1280w, https:\/\/ff-wimpassing.at\/wp-content\/uploads\/2022\/03\/HLF2-4-300x200.jpg 300w, https:\/\/ff-wimpassing.at\/wp-content\/uploads\/2022\/03\/HLF2-4-1024x682.jpg 1024w, https:\/\/ff-wimpassing.at\/wp-content\/uploads\/2022\/03\/HLF2-4-768x512.jpg 768w\" sizes=\"auto, (max-width: 1280px) 100vw, 1280px\" \/><\/a><\/figure>\n\n\n\n<figure class=\"wp-block-image size-large\"><a href=\"https:\/\/ff-wimpassing.at\/wp-content\/uploads\/2022\/03\/HLF2-3.jpg\"><img loading=\"lazy\" decoding=\"async\" width=\"1280\" height=\"853\" data-id=\"1338\" src=\"https:\/\/ff-wimpassing.at\/wp-content\/uploads\/2022\/03\/HLF2-3.jpg\" alt=\"\" class=\"wp-image-1338\" srcset=\"https:\/\/ff-wimpassing.at\/wp-content\/uploads\/2022\/03\/HLF2-3.jpg 1280w, https:\/\/ff-wimpassing.at\/wp-content\/uploads\/2022\/03\/HLF2-3-300x200.jpg 300w, https:\/\/ff-wimpassing.at\/wp-content\/uploads\/2022\/03\/HLF2-3-1024x682.jpg 1024w, https:\/\/ff-wimpassing.at\/wp-content\/uploads\/2022\/03\/HLF2-3-768x512.jpg 768w\" sizes=\"auto, (max-width: 1280px) 100vw, 1280px\" \/><\/a><\/figure>\n\n\n\n<figure class=\"wp-block-image size-large\"><a href=\"https:\/\/ff-wimpassing.at\/wp-content\/uploads\/2022\/03\/HLF2-2.jpg\"><img loading=\"lazy\" decoding=\"async\" width=\"1280\" height=\"853\" data-id=\"1337\" src=\"https:\/\/ff-wimpassing.at\/wp-content\/uploads\/2022\/03\/HLF2-2.jpg\" alt=\"\" class=\"wp-image-1337\" srcset=\"https:\/\/ff-wimpassing.at\/wp-content\/uploads\/2022\/03\/HLF2-2.jpg 1280w, https:\/\/ff-wimpassing.at\/wp-content\/uploads\/2022\/03\/HLF2-2-300x200.jpg 300w, https:\/\/ff-wimpassing.at\/wp-content\/uploads\/2022\/03\/HLF2-2-1024x682.jpg 1024w, https:\/\/ff-wimpassing.at\/wp-content\/uploads\/2022\/03\/HLF2-2-768x512.jpg 768w\" sizes=\"auto, (max-width: 1280px) 100vw, 1280px\" \/><\/a><\/figure>\n\n\n\n<figure class=\"wp-block-image size-large\"><a href=\"https:\/\/ff-wimpassing.at\/wp-content\/uploads\/2022\/03\/HLF2-8.jpg\"><img loading=\"lazy\" decoding=\"async\" width=\"1280\" height=\"853\" data-id=\"1343\" src=\"https:\/\/ff-wimpassing.at\/wp-content\/uploads\/2022\/03\/HLF2-8.jpg\" alt=\"\" class=\"wp-image-1343\" srcset=\"https:\/\/ff-wimpassing.at\/wp-content\/uploads\/2022\/03\/HLF2-8.jpg 1280w, https:\/\/ff-wimpassing.at\/wp-content\/uploads\/2022\/03\/HLF2-8-300x200.jpg 300w, https:\/\/ff-wimpassing.at\/wp-content\/uploads\/2022\/03\/HLF2-8-1024x682.jpg 1024w, https:\/\/ff-wimpassing.at\/wp-content\/uploads\/2022\/03\/HLF2-8-768x512.jpg 768w\" sizes=\"auto, (max-width: 1280px) 100vw, 1280px\" \/><\/a><\/figure>\n\n\n\n<figure class=\"wp-block-image size-large\"><a href=\"https:\/\/ff-wimpassing.at\/wp-content\/uploads\/2022\/03\/HLF2-6.jpg\"><img loading=\"lazy\" decoding=\"async\" width=\"1280\" height=\"853\" data-id=\"1341\" src=\"https:\/\/ff-wimpassing.at\/wp-content\/uploads\/2022\/03\/HLF2-6.jpg\" alt=\"\" class=\"wp-image-1341\" srcset=\"https:\/\/ff-wimpassing.at\/wp-content\/uploads\/2022\/03\/HLF2-6.jpg 1280w, https:\/\/ff-wimpassing.at\/wp-content\/uploads\/2022\/03\/HLF2-6-300x200.jpg 300w, https:\/\/ff-wimpassing.at\/wp-content\/uploads\/2022\/03\/HLF2-6-1024x682.jpg 1024w, https:\/\/ff-wimpassing.at\/wp-content\/uploads\/2022\/03\/HLF2-6-768x512.jpg 768w\" sizes=\"auto, (max-width: 1280px) 100vw, 1280px\" \/><\/a><\/figure>\n\n\n\n<figure class=\"wp-block-image size-large\"><a href=\"https:\/\/ff-wimpassing.at\/wp-content\/uploads\/2022\/03\/HLF2-5.jpg\"><img loading=\"lazy\" decoding=\"async\" width=\"1280\" height=\"853\" data-id=\"1340\" src=\"https:\/\/ff-wimpassing.at\/wp-content\/uploads\/2022\/03\/HLF2-5.jpg\" alt=\"\" class=\"wp-image-1340\" srcset=\"https:\/\/ff-wimpassing.at\/wp-content\/uploads\/2022\/03\/HLF2-5.jpg 1280w, https:\/\/ff-wimpassing.at\/wp-content\/uploads\/2022\/03\/HLF2-5-300x200.jpg 300w, https:\/\/ff-wimpassing.at\/wp-content\/uploads\/2022\/03\/HLF2-5-1024x682.jpg 1024w, https:\/\/ff-wimpassing.at\/wp-content\/uploads\/2022\/03\/HLF2-5-768x512.jpg 768w\" sizes=\"auto, (max-width: 1280px) 100vw, 1280px\" \/><\/a><\/figure>\n\n\n\n<figure class=\"wp-block-image size-large\"><a href=\"https:\/\/ff-wimpassing.at\/wp-content\/uploads\/2022\/03\/HLF2-7.jpg\"><img loading=\"lazy\" decoding=\"async\" width=\"1280\" height=\"853\" data-id=\"1342\" src=\"https:\/\/ff-wimpassing.at\/wp-content\/uploads\/2022\/03\/HLF2-7.jpg\" alt=\"\" class=\"wp-image-1342\" srcset=\"https:\/\/ff-wimpassing.at\/wp-content\/uploads\/2022\/03\/HLF2-7.jpg 1280w, https:\/\/ff-wimpassing.at\/wp-content\/uploads\/2022\/03\/HLF2-7-300x200.jpg 300w, https:\/\/ff-wimpassing.at\/wp-content\/uploads\/2022\/03\/HLF2-7-1024x682.jpg 1024w, https:\/\/ff-wimpassing.at\/wp-content\/uploads\/2022\/03\/HLF2-7-768x512.jpg 768w\" sizes=\"auto, (max-width: 1280px) 100vw, 1280px\" \/><\/a><\/figure>\n\n\n\n<figure class=\"wp-block-image size-large\"><a href=\"https:\/\/ff-wimpassing.at\/wp-content\/uploads\/2022\/03\/HLF2-1.jpg\"><img loading=\"lazy\" decoding=\"async\" width=\"1280\" height=\"853\" data-id=\"1336\" src=\"https:\/\/ff-wimpassing.at\/wp-content\/uploads\/2022\/03\/HLF2-1.jpg\" alt=\"\" class=\"wp-image-1336\" srcset=\"https:\/\/ff-wimpassing.at\/wp-content\/uploads\/2022\/03\/HLF2-1.jpg 1280w, https:\/\/ff-wimpassing.at\/wp-content\/uploads\/2022\/03\/HLF2-1-300x200.jpg 300w, https:\/\/ff-wimpassing.at\/wp-content\/uploads\/2022\/03\/HLF2-1-1024x682.jpg 1024w, https:\/\/ff-wimpassing.at\/wp-content\/uploads\/2022\/03\/HLF2-1-768x512.jpg 768w\" sizes=\"auto, (max-width: 1280px) 100vw, 1280px\" \/><\/a><\/figure>\n<\/figure>\n","protected":false},"excerpt":{"rendered":"<p>Das neueste Fahrzeug in unserem Fuhrpark ist das HLF 2. Es wurde am 19.03.2014 in Dienst gestellt und ersetzte das aus dem Jahre 1983 stammende KRF-B. Das HLF 2 ist so konzipiert, dass es sowohl f\u00fcr Technische Eins\u00e4tze als auch f\u00fcr Brandeins\u00e4tze herangezogen werden kann. Es ist mit einem permanent 4&#215;4 Allrad-Antrieb und mit einem [&hellip;]<\/p>\n","protected":false},"author":1,"featured_media":0,"parent":0,"menu_order":0,"comment_status":"closed","ping_status":"closed","template":"","meta":{"footnotes":""},"class_list":["post-137","page","type-page","status-publish","hentry"],"_links":{"self":[{"href":"https:\/\/ff-wimpassing.at\/index.php?rest_route=\/wp\/v2\/pages\/137","targetHints":{"allow":["GET"]}}],"collection":[{"href":"https:\/\/ff-wimpassing.at\/index.php?rest_route=\/wp\/v2\/pages"}],"about":[{"href":"https:\/\/ff-wimpassing.at\/index.php?rest_route=\/wp\/v2\/types\/page"}],"author":[{"embeddable":true,"href":"https:\/\/ff-wimpassing.at\/index.php?rest_route=\/wp\/v2\/users\/1"}],"replies":[{"embeddable":true,"href":"https:\/\/ff-wimpassing.at\/index.php?rest_route=%2Fwp%2Fv2%2Fcomments&post=137"}],"version-history":[{"count":3,"href":"https:\/\/ff-wimpassing.at\/index.php?rest_route=\/wp\/v2\/pages\/137\/revisions"}],"predecessor-version":[{"id":1345,"href":"https:\/\/ff-wimpassing.at\/index.php?rest_route=\/wp\/v2\/pages\/137\/revisions\/1345"}],"wp:attachment":[{"href":"https:\/\/ff-wimpassing.at\/index.php?rest_route=%2Fwp%2Fv2%2Fmedia&parent=137"}],"curies":[{"name":"wp","href":"https:\/\/api.w.org\/{rel}","templated":true}]}}