{"id":135,"date":"2022-02-15T10:16:59","date_gmt":"2022-02-15T10:16:59","guid":{"rendered":"https:\/\/ff-wimpassing.at\/?page_id=135"},"modified":"2022-03-14T12:16:58","modified_gmt":"2022-03-14T12:16:58","slug":"einsatzleitfahrzeug","status":"publish","type":"page","link":"https:\/\/ff-wimpassing.at\/?page_id=135","title":{"rendered":"Einsatzleitfahrzeug"},"content":{"rendered":"\n<p><strong>Das Einsatzleitfahrzeug wurde nach unseren Vorstellungen 2003 gebaut und ausgeliefert. <\/strong><\/p>\n\n\n\n<p>Mittlerweile ist es eines der wichtigsten Einsatzfahrzeuge unserer Feuerwehr geworden. Es kommt auch bei allen gr\u00f6\u00dferen Schadenereignisse in der n\u00e4heren Umgebung zum Einsatz. Nebenbei wird es noch in der Schadstoffgruppe Gloggnitz und im KHD Zug (Katastrophen Hilfs Dienst) im Bezirk Neunkirchen eingesetzt.<\/p>\n\n\n\n<figure class=\"wp-block-table\"><table><tbody><tr><td><strong>Fahrzeugdaten<\/strong><\/td><\/tr><tr><td>Taktische Bezeichnung<\/td><td>ELF<\/td><\/tr><tr><td>Funkname<\/td><td>Kommando Wimpassing<\/td><\/tr><tr><td>Besatzung<\/td><td>1:3<\/td><\/tr><tr><td>Baujahr<\/td><td>2003<\/td><\/tr><tr><td>Erzeuger<\/td><td>Mercedes Daimler Benz AG<\/td><\/tr><tr><td>Typenbezeichnung<\/td><td>Mercedes Sprinter 313, CDI<\/td><\/tr><tr><td>Motorleistung<\/td><td>90 kW<\/td><\/tr><tr><td>Gesamtgewicht<\/td><td>3.500 kg<\/td><\/tr><tr><td>Feuerwehraufbau<\/td><td>Lohr Magirus<\/td><\/tr><tr><td>Kennzeichen<\/td><td>NK-602 CA<\/td><\/tr><tr><td>KHD<sup>1<\/sup><\/td><td>ja<\/td><\/tr><\/tbody><\/table><\/figure>\n\n\n\n<p><strong>Vom Rollwagen zum Einsatzleitfahrzeug<\/strong><\/p>\n\n\n\n<p>Lange machten sich das Kommando und die Chargen Gedanken, wie man die, f\u00fcr so manche Eins\u00e4tze notwendigen, zus\u00e4tzlichen Ger\u00e4te, Sonderausr\u00fcstungen sowie Sonderl\u00f6schmittel, die in den vorhandenen Autos aus Platzmangel nicht mehr untergebracht werden k\u00f6nnen, so lagern kann, dass sie jederzeit mit wenig Aufwand von ein bis maximal zwei Eins\u00e4tzkr\u00e4ften leicht zum Einsatzort nachgef\u00fchrt werden k\u00f6nnen.<\/p>\n\n\n\n<p>Es wurde die Idee geboren, die Zusatzausr\u00fcstung thematisch sortiert nach Einsatzanforderungen auf Rollwagen zu packen. Diese Rollwagen entsprechen in ihren Abmessungen einer Normpalette mit 120 x 80 cm und weisen je nach Anforderung eine H\u00f6he von 50 bis 150 cm auf.<\/p>\n\n\n\n<p>Es war geplant, diese Rollcontainer mit unserem alten &#8211; vom L\u00f6schfahrzeug abgel\u00f6sten &#8211; Kleinl\u00f6schfahrzeug zu transportieren. Nach genauerer Inspektion des \u00fcber 24 Jahre alten Fahrzeuges wussten wir, dass eine Investition in dieses Fahrzeug nicht mehr sinnvoll erschien. Da f\u00fcr unsere Zwecke nicht unbedingt ein fabrikneues Fahrzeug erforderlich war, entschieden wir uns f\u00fcr einen Gebrauchtwagen. Mitte Februar 2003 wurden wir f\u00fcndig. Ein Mercedes Sprinter mit langem Radstand und Hochdach ging in unseren Besitz \u00fcber.<\/p>\n\n\n\n<p><strong>Der Kommunikationsraum<\/strong><\/p>\n\n\n\n<p>Wie geplant befindet sich im vorderen Teil des Fahrzeuges der Kommunikationsraum mit einem Funktisch und integrierter Magnettafel. Im Funktisch sind zwei Fahrzeugfunkger\u00e4te mit Headset eingebaut. Damit ist es der Einsatzleitung m\u00f6glich, gleichzeitig mit mehreren Einsatzabschnitten zu kommunizieren. Ein weiteres Fahrzeugfunkger\u00e4t befindet sich in der Fahrerkabine. Dieses kann bei Bedarf auch vom Containerraum aus bedient werden. Links und oberhalb des Funktisches befinden sich Laden und H\u00e4ngeregister f\u00fcr Alarmpl\u00e4ne, Brandschutzpl\u00e4ne, einsatztaktische Unterlagen und Schreibmaterialien.<\/p>\n\n\n\n<p><strong>Weiters befindet sich im Kommunikationsraum folgende Ausstattung:<\/strong><\/p>\n\n\n\n<ul class=\"wp-block-list\"><li>2&nbsp;Fahrzeugfunkger\u00e4t &#8211; digital<\/li><li>1 Handfunkger\u00e4t &#8211; digital<\/li><li>1&nbsp;Fahrzeugfunkger\u00e4t &#8211; analog<\/li><li>1&nbsp;Handfunkger\u00e4te Funkfrequenz 4 m<\/li><li>4 Handfunkger\u00e4te Funkfrequenz 70 cm f\u00fcr Atemschutz- bzw. Schadstofftrupps<\/li><li>1 Mobiltelefon<\/li><li>1 Laptop inkl. Internetzugang<\/li><li>1 Tablet inkl. Internetzugang<\/li><li>1 Laserdrucker<\/li><li>1 Digitalkamera<\/li><li>1 Megaphon mit abgesetztem Mikrophon<\/li><li>1 Mehrgasmessger\u00e4t<\/li><li>1 Telefonanlage mit 4 Nebenstellen<\/li><li>2 Handscheinwerfer<\/li><li>sowie s\u00e4mtliche Ladestationen f\u00fcr die oben genannten Kommunikationsger\u00e4te<\/li><\/ul>\n\n\n\n<p>Der Kommunikationsraum kann von zwei bis drei Mann besetzt werden.<\/p>\n\n\n\n<p><strong>Links und rechts im Containerraum haben wir noch reichlich Platz f\u00fcr folgende Ger\u00e4te:<\/strong><\/p>\n\n\n\n<ul class=\"wp-block-list\"><li>Ein Notstromaggregat Leistung 2kVA<\/li><li>1 Lichtmast mit 2 * 30 Watt und 2 * 50 Watt LED-Scheinwerfer<\/li><li>1 LED-Scheinwerfer mit je 50 Watt<\/li><li>3 Handlampen mit je 100 Watt<\/li><li>2 Kabeltrommeln<\/li><li>2 Feuerl\u00f6scher<\/li><li>1 Hygienekoffer<\/li><li>1 Erste Hilfe Koffer<\/li><li>Verkehrsleitkegeln, \u00dcberwurfwesten<\/li><li>1 Werkzeugkiste<\/li><li>W\u00e4rmebildkamera inkl. Funk\u00fcbertragung der Bilder in den Besprechungsraum<\/li><li>und vielen anderen einsatzerforderlichen Ger\u00e4tschaften<\/li><\/ul>\n\n\n\n<p><strong>Folgende Rollcontainer sind bereits gebaut:<\/strong><\/p>\n\n\n\n<ul class=\"wp-block-list\"><li>Schadstoffcontainer 1 (Schutzanz\u00fcge, Spezialunterw\u00e4sche)<\/li><li>Schadstoffcontainer 2 (Dichtsets f\u00fcr \u00d6leins\u00e4tze, \u00d6lsperre)<\/li><li>Pumpencontainer (Ausstattung f\u00fcr L\u00f6schgruppe inkl. TS)<\/li><li>Hochwassercontainer (Tauchpumpen, Reservepumpe, ausreichendem Schlauchmaterial sowie Schwimmwesten)<\/li><li>H\u00f6hen- und Tiefenrettungscontainer (Spezialgurtzeugen, Sicherungsger\u00e4ten, Rettungsleinen etc.)<\/li><li>Container mit P\u00f6lzmaterial (zum Absichern einsturzgef\u00e4hrdeter Objekte)<\/li><\/ul>\n\n\n\n<p>Im Containerraum besteht die M\u00f6glichkeit, statt den mitgef\u00fchrten Containern einen Besprechungstisch f\u00fcr die Einsatzleitung zu installieren. F\u00fcr diesen Zweck k\u00f6nnen aus den Seitenw\u00e4nden im Containerraum zwei Sitzb\u00e4nke herausgeklappt werden.<\/p>\n\n\n\n<p>Nat\u00fcrlich ist das Fahrzeug auch f\u00fcr verschiedene Wettersituationen ausger\u00fcstet. So kann bei starkem Regen oder bei Sonnenschein der Eingang zum Kommunikationsraum mit einer 4m langen und 2,5m breiten Markise \u00fcberdacht werden. Der so \u00fcberdachte Au\u00dfenbereich kann mit einer LED-Umfeldbeleuchtung ausgeleuchtet werden.<\/p>\n\n\n\n<p>F\u00fcr den Einsatz im Winter ist das Fahrzeug mit einer Standheizung ausgestattet. Damit die Einsatzleitung v\u00f6llig unabh\u00e4ngig von \u00e4u\u00dferen Einfl\u00fcssen arbeiten kann, ist es m\u00f6glich, das gesamte Fahrzeug mit einem mitgef\u00fchrten Notstromaggregat zu versorgen. Dies ist wichtig, damit die Kommunikation immer aufrechterhalten werden kann.<\/p>\n\n\n\n<figure class=\"wp-block-gallery has-nested-images columns-default is-cropped wp-block-gallery-1 is-layout-flex wp-block-gallery-is-layout-flex\">\n<figure class=\"wp-block-image size-large\"><a href=\"https:\/\/ff-wimpassing.at\/wp-content\/uploads\/2022\/03\/ELF-1.jpg\"><img loading=\"lazy\" decoding=\"async\" width=\"1280\" height=\"853\" data-id=\"1321\" src=\"https:\/\/ff-wimpassing.at\/wp-content\/uploads\/2022\/03\/ELF-1.jpg\" alt=\"\" class=\"wp-image-1321\" srcset=\"https:\/\/ff-wimpassing.at\/wp-content\/uploads\/2022\/03\/ELF-1.jpg 1280w, https:\/\/ff-wimpassing.at\/wp-content\/uploads\/2022\/03\/ELF-1-300x200.jpg 300w, https:\/\/ff-wimpassing.at\/wp-content\/uploads\/2022\/03\/ELF-1-1024x682.jpg 1024w, https:\/\/ff-wimpassing.at\/wp-content\/uploads\/2022\/03\/ELF-1-768x512.jpg 768w\" sizes=\"auto, (max-width: 1280px) 100vw, 1280px\" \/><\/a><\/figure>\n\n\n\n<figure class=\"wp-block-image size-large\"><a href=\"https:\/\/ff-wimpassing.at\/wp-content\/uploads\/2022\/03\/ELF-3.jpg\"><img loading=\"lazy\" decoding=\"async\" width=\"1280\" height=\"853\" data-id=\"1323\" src=\"https:\/\/ff-wimpassing.at\/wp-content\/uploads\/2022\/03\/ELF-3.jpg\" alt=\"\" class=\"wp-image-1323\" srcset=\"https:\/\/ff-wimpassing.at\/wp-content\/uploads\/2022\/03\/ELF-3.jpg 1280w, https:\/\/ff-wimpassing.at\/wp-content\/uploads\/2022\/03\/ELF-3-300x200.jpg 300w, https:\/\/ff-wimpassing.at\/wp-content\/uploads\/2022\/03\/ELF-3-1024x682.jpg 1024w, https:\/\/ff-wimpassing.at\/wp-content\/uploads\/2022\/03\/ELF-3-768x512.jpg 768w\" sizes=\"auto, (max-width: 1280px) 100vw, 1280px\" \/><\/a><\/figure>\n\n\n\n<figure class=\"wp-block-image size-large\"><a href=\"https:\/\/ff-wimpassing.at\/wp-content\/uploads\/2022\/03\/ELF-6.jpg\"><img loading=\"lazy\" decoding=\"async\" width=\"1280\" height=\"853\" data-id=\"1326\" src=\"https:\/\/ff-wimpassing.at\/wp-content\/uploads\/2022\/03\/ELF-6.jpg\" alt=\"\" class=\"wp-image-1326\" srcset=\"https:\/\/ff-wimpassing.at\/wp-content\/uploads\/2022\/03\/ELF-6.jpg 1280w, https:\/\/ff-wimpassing.at\/wp-content\/uploads\/2022\/03\/ELF-6-300x200.jpg 300w, https:\/\/ff-wimpassing.at\/wp-content\/uploads\/2022\/03\/ELF-6-1024x682.jpg 1024w, https:\/\/ff-wimpassing.at\/wp-content\/uploads\/2022\/03\/ELF-6-768x512.jpg 768w\" sizes=\"auto, (max-width: 1280px) 100vw, 1280px\" \/><\/a><\/figure>\n\n\n\n<figure class=\"wp-block-image size-large\"><a href=\"https:\/\/ff-wimpassing.at\/wp-content\/uploads\/2022\/03\/ELF-5.jpg\"><img loading=\"lazy\" decoding=\"async\" width=\"1280\" height=\"853\" data-id=\"1325\" src=\"https:\/\/ff-wimpassing.at\/wp-content\/uploads\/2022\/03\/ELF-5.jpg\" alt=\"\" class=\"wp-image-1325\" srcset=\"https:\/\/ff-wimpassing.at\/wp-content\/uploads\/2022\/03\/ELF-5.jpg 1280w, https:\/\/ff-wimpassing.at\/wp-content\/uploads\/2022\/03\/ELF-5-300x200.jpg 300w, https:\/\/ff-wimpassing.at\/wp-content\/uploads\/2022\/03\/ELF-5-1024x682.jpg 1024w, https:\/\/ff-wimpassing.at\/wp-content\/uploads\/2022\/03\/ELF-5-768x512.jpg 768w\" sizes=\"auto, (max-width: 1280px) 100vw, 1280px\" \/><\/a><\/figure>\n\n\n\n<figure class=\"wp-block-image size-large\"><a href=\"https:\/\/ff-wimpassing.at\/wp-content\/uploads\/2022\/03\/ELF-4.jpg\"><img loading=\"lazy\" decoding=\"async\" width=\"1280\" height=\"853\" data-id=\"1324\" src=\"https:\/\/ff-wimpassing.at\/wp-content\/uploads\/2022\/03\/ELF-4.jpg\" alt=\"\" class=\"wp-image-1324\" srcset=\"https:\/\/ff-wimpassing.at\/wp-content\/uploads\/2022\/03\/ELF-4.jpg 1280w, https:\/\/ff-wimpassing.at\/wp-content\/uploads\/2022\/03\/ELF-4-300x200.jpg 300w, https:\/\/ff-wimpassing.at\/wp-content\/uploads\/2022\/03\/ELF-4-1024x682.jpg 1024w, https:\/\/ff-wimpassing.at\/wp-content\/uploads\/2022\/03\/ELF-4-768x512.jpg 768w\" sizes=\"auto, (max-width: 1280px) 100vw, 1280px\" \/><\/a><\/figure>\n<\/figure>\n","protected":false},"excerpt":{"rendered":"<p>Das Einsatzleitfahrzeug wurde nach unseren Vorstellungen 2003 gebaut und ausgeliefert. Mittlerweile ist es eines der wichtigsten Einsatzfahrzeuge unserer Feuerwehr geworden. Es kommt auch bei allen gr\u00f6\u00dferen Schadenereignisse in der n\u00e4heren Umgebung zum Einsatz. Nebenbei wird es noch in der Schadstoffgruppe Gloggnitz und im KHD Zug (Katastrophen Hilfs Dienst) im Bezirk Neunkirchen eingesetzt. Fahrzeugdaten Taktische Bezeichnung [&hellip;]<\/p>\n","protected":false},"author":1,"featured_media":0,"parent":0,"menu_order":0,"comment_status":"closed","ping_status":"closed","template":"","meta":{"footnotes":""},"class_list":["post-135","page","type-page","status-publish","hentry"],"_links":{"self":[{"href":"https:\/\/ff-wimpassing.at\/index.php?rest_route=\/wp\/v2\/pages\/135","targetHints":{"allow":["GET"]}}],"collection":[{"href":"https:\/\/ff-wimpassing.at\/index.php?rest_route=\/wp\/v2\/pages"}],"about":[{"href":"https:\/\/ff-wimpassing.at\/index.php?rest_route=\/wp\/v2\/types\/page"}],"author":[{"embeddable":true,"href":"https:\/\/ff-wimpassing.at\/index.php?rest_route=\/wp\/v2\/users\/1"}],"replies":[{"embeddable":true,"href":"https:\/\/ff-wimpassing.at\/index.php?rest_route=%2Fwp%2Fv2%2Fcomments&post=135"}],"version-history":[{"count":7,"href":"https:\/\/ff-wimpassing.at\/index.php?rest_route=\/wp\/v2\/pages\/135\/revisions"}],"predecessor-version":[{"id":1334,"href":"https:\/\/ff-wimpassing.at\/index.php?rest_route=\/wp\/v2\/pages\/135\/revisions\/1334"}],"wp:attachment":[{"href":"https:\/\/ff-wimpassing.at\/index.php?rest_route=%2Fwp%2Fv2%2Fmedia&parent=135"}],"curies":[{"name":"wp","href":"https:\/\/api.w.org\/{rel}","templated":true}]}}