{"id":1017,"date":"2022-01-01T00:00:00","date_gmt":"2022-01-01T00:00:00","guid":{"rendered":"https:\/\/ff-wimpassing.at\/?page_id=1017"},"modified":"2026-01-13T06:41:51","modified_gmt":"2026-01-13T06:41:51","slug":"uebungsplan-2022","status":"publish","type":"page","link":"https:\/\/ff-wimpassing.at\/?page_id=1017","title":{"rendered":"\u00dcbungsplan 2026"},"content":{"rendered":"\n<p>Hier finden Sie in K\u00fcrze unseren aktuellen \u00dcbungsplan zum ausdrucken oder downloaden. <br>Auf der ersten Seite findet man die \u00dcbungsthemen und auf der zweiten Seite die \u00dcbungstermine.<\/p>\n\n\n\n<div data-wp-interactive=\"core\/file\" class=\"wp-block-file\"><object data-wp-bind--hidden=\"!state.hasPdfPreview\" hidden class=\"wp-block-file__embed\" data=\"https:\/\/ff-wimpassing.at\/wp-content\/uploads\/2026\/01\/Uebungsplan-2026_260113_073833.pdf\" type=\"application\/pdf\" style=\"width:100%;height:600px\" aria-label=\"Einbettung von \u00dcbungsplan 2026_260113_073833.\"><\/object><a id=\"wp-block-file--media-17f57a82-4db6-4f8b-af64-328c14a9ff07\" href=\"https:\/\/ff-wimpassing.at\/wp-content\/uploads\/2026\/01\/Uebungsplan-2026_260113_073833.pdf\">\u00dcbungsplan 2026_260113_073833<\/a><a href=\"https:\/\/ff-wimpassing.at\/wp-content\/uploads\/2026\/01\/Uebungsplan-2026_260113_073833.pdf\" class=\"wp-block-file__button wp-element-button\" download aria-describedby=\"wp-block-file--media-17f57a82-4db6-4f8b-af64-328c14a9ff07\">Herunterladen<\/a><\/div>\n","protected":false},"excerpt":{"rendered":"<p>Hier finden Sie in K\u00fcrze unseren aktuellen \u00dcbungsplan zum ausdrucken oder downloaden. Auf der ersten Seite findet man die \u00dcbungsthemen und auf der zweiten Seite die \u00dcbungstermine.<\/p>\n","protected":false},"author":1,"featured_media":0,"parent":0,"menu_order":0,"comment_status":"closed","ping_status":"closed","template":"","meta":{"footnotes":""},"class_list":["post-1017","page","type-page","status-publish","hentry"],"_links":{"self":[{"href":"https:\/\/ff-wimpassing.at\/index.php?rest_route=\/wp\/v2\/pages\/1017","targetHints":{"allow":["GET"]}}],"collection":[{"href":"https:\/\/ff-wimpassing.at\/index.php?rest_route=\/wp\/v2\/pages"}],"about":[{"href":"https:\/\/ff-wimpassing.at\/index.php?rest_route=\/wp\/v2\/types\/page"}],"author":[{"embeddable":true,"href":"https:\/\/ff-wimpassing.at\/index.php?rest_route=\/wp\/v2\/users\/1"}],"replies":[{"embeddable":true,"href":"https:\/\/ff-wimpassing.at\/index.php?rest_route=%2Fwp%2Fv2%2Fcomments&post=1017"}],"version-history":[{"count":25,"href":"https:\/\/ff-wimpassing.at\/index.php?rest_route=\/wp\/v2\/pages\/1017\/revisions"}],"predecessor-version":[{"id":8977,"href":"https:\/\/ff-wimpassing.at\/index.php?rest_route=\/wp\/v2\/pages\/1017\/revisions\/8977"}],"wp:attachment":[{"href":"https:\/\/ff-wimpassing.at\/index.php?rest_route=%2Fwp%2Fv2%2Fmedia&parent=1017"}],"curies":[{"name":"wp","href":"https:\/\/api.w.org\/{rel}","templated":true}]}}